{"id":1986,"date":"2022-01-31T09:51:33","date_gmt":"2022-01-31T09:51:33","guid":{"rendered":"https:\/\/busgarraf.cat\/historia\/"},"modified":"2023-05-12T10:00:34","modified_gmt":"2023-05-12T10:00:34","slug":"historia","status":"publish","type":"page","link":"https:\/\/busgarraf.cat\/en\/historia\/","title":{"rendered":"History"},"content":{"rendered":"<p>[et_pb_section fb_built=&#8221;1&#8243; module_class=&#8221;historia_header_container&#8221; _builder_version=&#8221;4.16&#8243; _module_preset=&#8221;default&#8221; custom_margin=&#8221;0px|0px||0px|false|true&#8221; custom_padding=&#8221;0px|0px|0px|0px|true|true&#8221; global_colors_info=&#8221;{}&#8221;][et_pb_row _builder_version=&#8221;4.16&#8243; _module_preset=&#8221;default&#8221; width=&#8221;100%&#8221; max_width=&#8221;100%&#8221; module_alignment=&#8221;center&#8221; custom_margin=&#8221;0px|0px|0px|0px|true|true&#8221; custom_padding=&#8221;0px|0px|0px|0px|true|true&#8221; global_colors_info=&#8221;{}&#8221;][et_pb_column type=&#8221;4_4&#8243; _builder_version=&#8221;4.16&#8243; _module_preset=&#8221;default&#8221; global_colors_info=&#8221;{}&#8221;][et_pb_image src=&#8221;https:\/\/busgarraf.cat\/wp-content\/uploads\/2022\/02\/Sin-titulo-5.png&#8221; title_text=&#8221;Sin t\u00edtulo-5&#8243; force_fullwidth=&#8221;on&#8221; module_class=&#8221;historia_header_image&#8221; _builder_version=&#8221;4.16&#8243; _module_preset=&#8221;default&#8221; global_colors_info=&#8221;{}&#8221;][\/et_pb_image][\/et_pb_column][\/et_pb_row][et_pb_row module_class=&#8221;header_title&#8221; _builder_version=&#8221;4.16&#8243; _module_preset=&#8221;default&#8221; width=&#8221;90%&#8221; max_width=&#8221;1300px&#8221; module_alignment=&#8221;center&#8221; custom_margin=&#8221;0px|0px|0px|0px|true|true&#8221; custom_padding=&#8221;0px|0px|0px|0px|true|true&#8221; global_colors_info=&#8221;{}&#8221;][et_pb_column type=&#8221;4_4&#8243; _builder_version=&#8221;4.16&#8243; _module_preset=&#8221;default&#8221; global_colors_info=&#8221;{}&#8221;][et_pb_text _builder_version=&#8221;4.16&#8243; _dynamic_attributes=&#8221;content&#8221; _module_preset=&#8221;default&#8221; text_font=&#8221;Segoe UI Bold||||||||&#8221; text_text_color=&#8221;#FFFFFF&#8221; text_font_size=&#8221;42px&#8221; header_font=&#8221;Segoe UI Bold||||||||&#8221; header_text_color=&#8221;#FFFFFF&#8221; header_font_size=&#8221;42px&#8221; custom_margin=&#8221;0px|0px|0px|0px|true|true&#8221; custom_padding=&#8221;0px|0px|20px|0px|false|true&#8221; text_font_size_tablet=&#8221;40px&#8221; text_font_size_phone=&#8221;38px&#8221; text_font_size_last_edited=&#8221;on|phone&#8221; header_font_size_tablet=&#8221;40px&#8221; header_font_size_phone=&#8221;38px&#8221; header_font_size_last_edited=&#8221;on|phone&#8221; border_width_bottom=&#8221;3px&#8221; border_color_bottom=&#8221;#FFFFFF&#8221; global_colors_info=&#8221;{}&#8221;]@ET-DC@eyJkeW5hbWljIjp0cnVlLCJjb250ZW50IjoicG9zdF90aXRsZSIsInNldHRpbmdzIjp7ImJlZm9yZSI6IiIsImFmdGVyIjoiIn19@[\/et_pb_text][\/et_pb_column][\/et_pb_row][et_pb_row module_class=&#8221;header_filtro_negro&#8221; _builder_version=&#8221;4.16&#8243; _module_preset=&#8221;default&#8221; background_color=&#8221;rgba(0,0,0,0.25)&#8221; width=&#8221;100%&#8221; max_width=&#8221;100%&#8221; module_alignment=&#8221;center&#8221; custom_margin=&#8221;0px|0px|0px|0px|true|true&#8221; custom_padding=&#8221;0px|0px|0px|0px|true|true&#8221; global_colors_info=&#8221;{}&#8221;][et_pb_column type=&#8221;4_4&#8243; _builder_version=&#8221;4.16&#8243; _module_preset=&#8221;default&#8221; global_colors_info=&#8221;{}&#8221;][\/et_pb_column][\/et_pb_row][\/et_pb_section][et_pb_section fb_built=&#8221;1&#8243; custom_padding_last_edited=&#8221;on|phone&#8221; module_class=&#8221;historia_text_section&#8221; _builder_version=&#8221;4.17.6&#8243; _module_preset=&#8221;default&#8221; background_color=&#8221;gcid-a2e4858b-1e9e-4582-9e6c-a2c80a211cc4&#8243; custom_margin=&#8221;0px|0px|0px|0px|true|true&#8221; custom_padding=&#8221;50px|5.2%|50px|5.2%|false|true&#8221; custom_padding_tablet=&#8221;50px|5.2%|50px|5.2%|false|true&#8221; custom_padding_phone=&#8221;||0px||false|true&#8221; global_colors_info=&#8221;{%22gcid-a2e4858b-1e9e-4582-9e6c-a2c80a211cc4%22:%91%22background_color%22%93}&#8221;][et_pb_row _builder_version=&#8221;4.16&#8243; _module_preset=&#8221;default&#8221; width=&#8221;100%&#8221; max_width=&#8221;1300px&#8221; module_alignment=&#8221;center&#8221; custom_margin=&#8221;0px|0px|0px|0px|true|true&#8221; custom_padding=&#8221;0px|0px|0px|0px|true|true&#8221; global_colors_info=&#8221;{}&#8221;][et_pb_column type=&#8221;4_4&#8243; _builder_version=&#8221;4.16&#8243; _module_preset=&#8221;default&#8221; global_colors_info=&#8221;{}&#8221;][et_pb_text _builder_version=&#8221;4.17.6&#8243; _module_preset=&#8221;default&#8221; text_font=&#8221;Segoe UI Regular||||||||&#8221; text_text_color=&#8221;gcid-68ddd611-b841-4d7a-9c9d-95db71454a37&#8243; text_font_size=&#8221;18px&#8221; custom_margin=&#8221;0px|0px|25px|0px|false|true&#8221; custom_padding=&#8221;0px|0px|0px|0px|true|true&#8221; text_font_size_tablet=&#8221;18px&#8221; text_font_size_phone=&#8221;16px&#8221; text_font_size_last_edited=&#8221;on|phone&#8221; global_colors_info=&#8221;{%22gcid-68ddd611-b841-4d7a-9c9d-95db71454a37%22:%91%22text_text_color%22%93}&#8221;]Founded at the beginning of the 20th century, dedicated to the transport of mail and trips from Pont d&#8217;Armentera to Valls.[\/et_pb_text][et_pb_text _builder_version=&#8221;4.17.6&#8243; _module_preset=&#8221;default&#8221; text_font=&#8221;Segoe UI Regular||||||||&#8221; text_text_color=&#8221;gcid-68ddd611-b841-4d7a-9c9d-95db71454a37&#8243; text_font_size=&#8221;18px&#8221; header_font=&#8221;Segoe UI Bold||||||||&#8221; header_font_size=&#8221;32px&#8221; header_2_font=&#8221;Segoe UI Bold||||||||&#8221; header_2_text_color=&#8221;gcid-87e14241-bd38-4642-9283-ed1906440911&#8243; header_2_font_size=&#8221;32px&#8221; custom_margin=&#8221;0px|0px|0px|0px|true|true&#8221; custom_padding=&#8221;0px|0px|0px|0px|true|true&#8221; text_font_size_tablet=&#8221;18px&#8221; text_font_size_phone=&#8221;16px&#8221; text_font_size_last_edited=&#8221;on|desktop&#8221; header_font_size_tablet=&#8221;30px&#8221; header_font_size_phone=&#8221;28px&#8221; header_font_size_last_edited=&#8221;on|phone&#8221; header_2_font_size_tablet=&#8221;30px&#8221; header_2_font_size_phone=&#8221;28px&#8221; header_2_font_size_last_edited=&#8221;on|desktop&#8221; global_colors_info=&#8221;{%22gcid-68ddd611-b841-4d7a-9c9d-95db71454a37%22:%91%22text_text_color%22%93,%22gcid-87e14241-bd38-4642-9283-ed1906440911%22:%91%22header_2_text_color%22%93}&#8221;]<\/p>\n<h2>23rd of June of 1921<\/h2>\n<p>Obtained authorisation to establish a public passenger service between Pont de Armentera and Valls (round-trip).<\/p>\n<p>The route had non-fixed stops at Santes Creus, Vila-rodona and Ali\u00f3 and the following fares were established: Pont de Armentera &#8211; Valls 2.50 pesetas; Santes Creus &#8211; Valls 2 pesetas; Vila-rodona &#8211; Valls 1.5 pesetas; Ali\u00f3 &#8211; Valls 0.75 pesetas; Santas Creus &#8211; Valls 2 pesetas.<\/p>\n<p>This bus line began to operate with a vehicle that was a SCAT bus, with registration number T-299, capacity for 20 people and a maximum speed of 12 km\/hour.<\/p>\n<p>During these years the company was known as Hispano Pontorrina.<\/p>\n<p>[\/et_pb_text][\/et_pb_column][\/et_pb_row][et_pb_row column_structure=&#8221;1_2,1_2&#8243; module_class=&#8221;historia_two_columns_row text_left&#8221; _builder_version=&#8221;4.16&#8243; _module_preset=&#8221;default&#8221; width=&#8221;100%&#8221; max_width=&#8221;1300px&#8221; module_alignment=&#8221;center&#8221; custom_margin=&#8221;45px|0px|0px|0px|false|true&#8221; custom_padding=&#8221;0px|0px|0px|0px|true|true&#8221; global_colors_info=&#8221;{}&#8221;][et_pb_column type=&#8221;1_2&#8243; _builder_version=&#8221;4.16&#8243; _module_preset=&#8221;default&#8221; global_colors_info=&#8221;{}&#8221;][et_pb_text module_class=&#8221;historia_column_left&#8221; _builder_version=&#8221;4.16&#8243; _module_preset=&#8221;default&#8221; text_font=&#8221;Segoe UI Regular||||||||&#8221; text_text_color=&#8221;gcid-68ddd611-b841-4d7a-9c9d-95db71454a37&#8243; text_font_size=&#8221;18px&#8221; header_font=&#8221;Segoe UI Bold||||||||&#8221; header_font_size=&#8221;32px&#8221; header_2_font=&#8221;Segoe UI Bold||||||||&#8221; header_2_text_color=&#8221;gcid-87e14241-bd38-4642-9283-ed1906440911&#8243; header_2_font_size=&#8221;32px&#8221; custom_margin=&#8221;0px|0px|0px|0px|true|true&#8221; custom_padding=&#8221;0px|0px|0px|0px|true|true&#8221; text_font_size_tablet=&#8221;18px&#8221; text_font_size_phone=&#8221;16px&#8221; text_font_size_last_edited=&#8221;on|desktop&#8221; header_font_size_tablet=&#8221;30px&#8221; header_font_size_phone=&#8221;28px&#8221; header_font_size_last_edited=&#8221;on|phone&#8221; header_2_font_size_tablet=&#8221;30px&#8221; header_2_font_size_phone=&#8221;28px&#8221; header_2_font_size_last_edited=&#8221;on|desktop&#8221; global_colors_info=&#8221;{%22gcid-68ddd611-b841-4d7a-9c9d-95db71454a37%22:%91%22text_text_color%22,%22text_text_color%22%93,%22gcid-87e14241-bd38-4642-9283-ed1906440911%22:%91%22header_2_text_color%22,%22header_2_text_color%22%93}&#8221;]<\/p>\n<h2>Beginning of the 70&#8217;s<\/h2>\n<p>The company acquired new regular transport lines, such as Querol &#8211; Valls, Pont de Armentera &#8211; Tarragona, Pont de Armentera &#8211; Calafell, El Vendrell &#8211; Vilanova i la Geltr\u00fa, Sant Pere de Ribes &#8211; Vilanova i la Geltr\u00fa and Vilanova i la Geltr\u00fa &#8211; Vilafranca del Pened\u00e8s with a branch between Canyelles and Vilanova i la Geltr\u00fa.<\/p>\n<p>During these years, the company changed its name to Transportes Monasterio, and became activly involved in public transport in the region.<\/p>\n<p>At the end of the 1970s, Sant Pere de Ribes &#8211; Sitges line and Vilanoveta district (Sant Pere de Ribes) &#8211; Vilanova i la Geltr\u00fa line were acquired.<\/p>\n<p>[\/et_pb_text][\/et_pb_column][et_pb_column type=&#8221;1_2&#8243; _builder_version=&#8221;4.16&#8243; _module_preset=&#8221;default&#8221; global_colors_info=&#8221;{}&#8221;][et_pb_image src=&#8221;https:\/\/busgarraf.cat\/wp-content\/uploads\/2022\/05\/Interior-Bus.png&#8221; title_text=&#8221;Interior Bus&#8221; _builder_version=&#8221;4.16&#8243; _module_preset=&#8221;default&#8221; custom_margin=&#8221;0px|0px|0px|0px|true|true&#8221; custom_padding=&#8221;0px|0px|0px|0px|true|true&#8221; global_colors_info=&#8221;{}&#8221;][\/et_pb_image][\/et_pb_column][\/et_pb_row][et_pb_row column_structure=&#8221;1_2,1_2&#8243; module_class=&#8221;historia_two_columns_row text_right&#8221; _builder_version=&#8221;4.16&#8243; _module_preset=&#8221;default&#8221; width=&#8221;100%&#8221; max_width=&#8221;1300px&#8221; module_alignment=&#8221;center&#8221; custom_margin=&#8221;|0px|0px|0px|false|true&#8221; custom_padding=&#8221;0px|0px|0px|0px|true|true&#8221; global_colors_info=&#8221;{}&#8221;][et_pb_column type=&#8221;1_2&#8243; _builder_version=&#8221;4.16&#8243; _module_preset=&#8221;default&#8221; global_colors_info=&#8221;{}&#8221;][et_pb_image src=&#8221;https:\/\/busgarraf.cat\/wp-content\/uploads\/2022\/05\/FOTO-HISTORIA-BUSGARRAF.png&#8221; title_text=&#8221;FOTO HISTORIA BUSGARRAF&#8221; module_class=&#8221;historia_column_left&#8221; _builder_version=&#8221;4.16&#8243; _module_preset=&#8221;default&#8221; custom_margin=&#8221;0px|0px|0px|0px|true|true&#8221; custom_padding=&#8221;0px|0px|0px|0px|true|true&#8221; global_colors_info=&#8221;{}&#8221;][\/et_pb_image][\/et_pb_column][et_pb_column type=&#8221;1_2&#8243; _builder_version=&#8221;4.16&#8243; _module_preset=&#8221;default&#8221; global_colors_info=&#8221;{}&#8221;][et_pb_text _builder_version=&#8221;4.16&#8243; _module_preset=&#8221;default&#8221; text_font=&#8221;Segoe UI Regular||||||||&#8221; text_text_color=&#8221;gcid-68ddd611-b841-4d7a-9c9d-95db71454a37&#8243; text_font_size=&#8221;18px&#8221; header_font=&#8221;Segoe UI Bold||||||||&#8221; header_font_size=&#8221;32px&#8221; header_2_font=&#8221;Segoe UI Bold||||||||&#8221; header_2_text_color=&#8221;gcid-87e14241-bd38-4642-9283-ed1906440911&#8243; header_2_font_size=&#8221;32px&#8221; custom_margin=&#8221;0px|0px|0px|0px|true|true&#8221; custom_padding=&#8221;0px|0px|0px|0px|true|true&#8221; text_font_size_tablet=&#8221;18px&#8221; text_font_size_phone=&#8221;16px&#8221; text_font_size_last_edited=&#8221;on|desktop&#8221; header_font_size_tablet=&#8221;30px&#8221; header_font_size_phone=&#8221;28px&#8221; header_font_size_last_edited=&#8221;on|phone&#8221; header_2_font_size_tablet=&#8221;30px&#8221; header_2_font_size_phone=&#8221;28px&#8221; header_2_font_size_last_edited=&#8221;on|desktop&#8221; global_colors_info=&#8221;{%22gcid-68ddd611-b841-4d7a-9c9d-95db71454a37%22:%91%22text_text_color%22,%22text_text_color%22%93,%22gcid-87e14241-bd38-4642-9283-ed1906440911%22:%91%22header_2_text_color%22,%22header_2_text_color%22%93}&#8221;]<\/p>\n<h2>Beginning of the 1990s<\/h2>\n<p>Las Roquetes &#8211; Sitges and Barcelona and Sitges lines were acquired, with a branch line along the A-16 motorway and an extension to Vilanova i la Geltr\u00fa, providing service to Garraf Coast towards Barcelona and the airport.<\/p>\n<p>[\/et_pb_text][\/et_pb_column][\/et_pb_row][et_pb_row column_structure=&#8221;1_2,1_2&#8243; module_class=&#8221;historia_two_columns_row text_left&#8221; _builder_version=&#8221;4.16&#8243; _module_preset=&#8221;default&#8221; width=&#8221;100%&#8221; max_width=&#8221;1300px&#8221; module_alignment=&#8221;center&#8221; custom_margin=&#8221;|0px|0px|0px|false|true&#8221; custom_padding=&#8221;0px|0px|0px|0px|true|true&#8221; global_colors_info=&#8221;{}&#8221;][et_pb_column type=&#8221;1_2&#8243; _builder_version=&#8221;4.16&#8243; _module_preset=&#8221;default&#8221; global_colors_info=&#8221;{}&#8221;][et_pb_text module_class=&#8221;historia_column_left&#8221; _builder_version=&#8221;4.16&#8243; _module_preset=&#8221;default&#8221; text_font=&#8221;Segoe UI Regular||||||||&#8221; text_text_color=&#8221;gcid-68ddd611-b841-4d7a-9c9d-95db71454a37&#8243; text_font_size=&#8221;18px&#8221; header_font=&#8221;Segoe UI Bold||||||||&#8221; header_font_size=&#8221;32px&#8221; header_2_font=&#8221;Segoe UI Bold||||||||&#8221; header_2_text_color=&#8221;gcid-87e14241-bd38-4642-9283-ed1906440911&#8243; header_2_font_size=&#8221;32px&#8221; custom_margin=&#8221;0px|0px|0px|0px|true|true&#8221; custom_padding=&#8221;0px|0px|0px|0px|true|true&#8221; text_font_size_tablet=&#8221;18px&#8221; text_font_size_phone=&#8221;16px&#8221; text_font_size_last_edited=&#8221;on|desktop&#8221; header_font_size_tablet=&#8221;30px&#8221; header_font_size_phone=&#8221;28px&#8221; header_font_size_last_edited=&#8221;on|phone&#8221; header_2_font_size_tablet=&#8221;30px&#8221; header_2_font_size_phone=&#8221;28px&#8221; header_2_font_size_last_edited=&#8221;on|desktop&#8221; global_colors_info=&#8221;{%22gcid-68ddd611-b841-4d7a-9c9d-95db71454a37%22:%91%22text_text_color%22,%22text_text_color%22%93,%22gcid-87e14241-bd38-4642-9283-ed1906440911%22:%91%22header_2_text_color%22,%22header_2_text_color%22%93}&#8221;]<\/p>\n<h2>Year 2008<\/h2>\n<p>The company obtained ISO 9001 (Quality) and 14001 (Environment) certifications for its road passenger transport activity.<\/p>\n<p>Two years later, it was also certified in the UNE-EN-13816 standard, a specific standard for its passenger transport activity.<\/p>\n<p>All of these certification standards have been renewed in 2020.<\/p>\n<p>[\/et_pb_text][\/et_pb_column][et_pb_column type=&#8221;1_2&#8243; _builder_version=&#8221;4.16&#8243; _module_preset=&#8221;default&#8221; global_colors_info=&#8221;{}&#8221;][et_pb_image src=&#8221;https:\/\/busgarraf.cat\/wp-content\/uploads\/2022\/05\/Brand-Spain-14001-Enac.png&#8221; title_text=&#8221;Brand Spain 14001 Enac&#8221; _builder_version=&#8221;4.16&#8243; _module_preset=&#8221;default&#8221; custom_margin=&#8221;0px|0px|0px|0px|true|true&#8221; custom_padding=&#8221;0px|0px|0px|0px|true|true&#8221; global_colors_info=&#8221;{}&#8221;][\/et_pb_image][\/et_pb_column][\/et_pb_row][et_pb_row column_structure=&#8221;1_2,1_2&#8243; module_class=&#8221;historia_two_columns_row text_right&#8221; _builder_version=&#8221;4.16&#8243; _module_preset=&#8221;default&#8221; width=&#8221;100%&#8221; max_width=&#8221;1300px&#8221; module_alignment=&#8221;center&#8221; custom_margin=&#8221;|0px|0px|0px|false|true&#8221; custom_padding=&#8221;0px|0px|0px|0px|true|true&#8221; global_colors_info=&#8221;{}&#8221;][et_pb_column type=&#8221;1_2&#8243; _builder_version=&#8221;4.16&#8243; _module_preset=&#8221;default&#8221; global_colors_info=&#8221;{}&#8221;][et_pb_image src=&#8221;https:\/\/busgarraf.cat\/wp-content\/uploads\/2022\/05\/BusGarraf-Historia-scaled.jpeg&#8221; title_text=&#8221;Woman with little daughter sitting in bus&#8221; module_class=&#8221;historia_column_left&#8221; _builder_version=&#8221;4.16&#8243; _module_preset=&#8221;default&#8221; custom_margin=&#8221;0px|0px|0px|0px|true|true&#8221; custom_padding=&#8221;0px|0px|0px|0px|true|true&#8221; global_colors_info=&#8221;{}&#8221;][\/et_pb_image][\/et_pb_column][et_pb_column type=&#8221;1_2&#8243; _builder_version=&#8221;4.16&#8243; _module_preset=&#8221;default&#8221; global_colors_info=&#8221;{}&#8221;][et_pb_text module_class=&#8221;lista&#8221; _builder_version=&#8221;4.16&#8243; _module_preset=&#8221;default&#8221; text_font=&#8221;Segoe UI Regular||||||||&#8221; text_text_color=&#8221;gcid-68ddd611-b841-4d7a-9c9d-95db71454a37&#8243; text_font_size=&#8221;18px&#8221; header_font=&#8221;Segoe UI Bold||||||||&#8221; header_font_size=&#8221;32px&#8221; header_2_font=&#8221;Segoe UI Bold||||||||&#8221; header_2_text_color=&#8221;gcid-87e14241-bd38-4642-9283-ed1906440911&#8243; header_2_font_size=&#8221;32px&#8221; custom_margin=&#8221;0px|0px|0px|0px|true|true&#8221; custom_padding=&#8221;0px|0px|0px|0px|true|true&#8221; text_font_size_tablet=&#8221;18px&#8221; text_font_size_phone=&#8221;16px&#8221; text_font_size_last_edited=&#8221;on|desktop&#8221; header_font_size_tablet=&#8221;30px&#8221; header_font_size_phone=&#8221;28px&#8221; header_font_size_last_edited=&#8221;on|phone&#8221; header_2_font_size_tablet=&#8221;30px&#8221; header_2_font_size_phone=&#8221;28px&#8221; header_2_font_size_last_edited=&#8221;on|desktop&#8221; global_colors_info=&#8221;{%22gcid-68ddd611-b841-4d7a-9c9d-95db71454a37%22:%91%22text_text_color%22,%22text_text_color%22%93,%22gcid-87e14241-bd38-4642-9283-ed1906440911%22:%91%22header_2_text_color%22,%22header_2_text_color%22%93}&#8221;]<\/p>\n<h2>Summer 2019<\/h2>\n<p>The company moves its base from C\/ del Campesinado in Sant Pere de Ribes to a new one located in the Mas\u00eda de en Notario industrial estate in Vilanova i la Geltr\u00fa. This new base allows us to have a space much more in accordance with the operational needs of the company.<\/p>\n<p>It currently operates the bus lines that connect:<\/p>\n<ul>\n<li>E14 Sant Pere de Ribes- Barcelona<\/li>\n<li>E15.1 Vilanova i la Geltr\u00fa \u2013Barcelona<\/li>\n<li>E15.2 Vilanova-Barcelona<\/li>\n<li>E16 Sitges-Barcelona<\/li>\n<li>Vilanova i la Geltr\u00fa-Roquetes-Sitges-Aeropuerto de Barcelona-Bellvitge<\/li>\n<li>Cubelles-Santa Maria-Vilanova i la Geltr\u00fa<\/li>\n<li>Camils-Cunit<\/li>\n<li>Nocturno Barcelona-Vilanova i la Geltr\u00fa-Vilafranca del Pened\u00e8s<\/li>\n<li>Vilanova i la Geltr\u00fa- Lo Vendrell.<\/li>\n<li>Vilanova i la Geltr\u00fa-Tarragona.<\/li>\n<li>Valls-Calafell.<\/li>\n<\/ul>\n<p>[\/et_pb_text][\/et_pb_column][\/et_pb_row][et_pb_row column_structure=&#8221;1_2,1_2&#8243; module_class=&#8221;historia_two_columns_row text_left&#8221; _builder_version=&#8221;4.16&#8243; _module_preset=&#8221;default&#8221; width=&#8221;100%&#8221; max_width=&#8221;1300px&#8221; module_alignment=&#8221;center&#8221; custom_margin=&#8221;|0px|0px|0px|false|true&#8221; custom_padding=&#8221;0px|0px|0px|0px|true|true&#8221; global_colors_info=&#8221;{}&#8221;][et_pb_column type=&#8221;1_2&#8243; _builder_version=&#8221;4.16&#8243; _module_preset=&#8221;default&#8221; global_colors_info=&#8221;{}&#8221;][et_pb_text module_class=&#8221;historia_column_left&#8221; _builder_version=&#8221;4.20.4&#8243; _module_preset=&#8221;default&#8221; text_font=&#8221;Segoe UI Regular||||||||&#8221; text_text_color=&#8221;gcid-68ddd611-b841-4d7a-9c9d-95db71454a37&#8243; text_font_size=&#8221;18px&#8221; header_font=&#8221;Segoe UI Bold||||||||&#8221; header_font_size=&#8221;32px&#8221; header_2_font=&#8221;Segoe UI Bold||||||||&#8221; header_2_text_color=&#8221;gcid-87e14241-bd38-4642-9283-ed1906440911&#8243; header_2_font_size=&#8221;32px&#8221; custom_margin=&#8221;0px|0px|0px|0px|true|true&#8221; custom_padding=&#8221;0px|0px|0px|0px|true|true&#8221; hover_enabled=&#8221;0&#8243; text_font_size_tablet=&#8221;18px&#8221; text_font_size_phone=&#8221;16px&#8221; text_font_size_last_edited=&#8221;on|desktop&#8221; header_font_size_tablet=&#8221;30px&#8221; header_font_size_phone=&#8221;28px&#8221; header_font_size_last_edited=&#8221;on|phone&#8221; header_2_font_size_tablet=&#8221;30px&#8221; header_2_font_size_phone=&#8221;28px&#8221; header_2_font_size_last_edited=&#8221;on|desktop&#8221; global_colors_info=&#8221;{%22gcid-68ddd611-b841-4d7a-9c9d-95db71454a37%22:%91%22text_text_color%22,%22text_text_color%22%93,%22gcid-87e14241-bd38-4642-9283-ed1906440911%22:%91%22header_2_text_color%22,%22header_2_text_color%22%93}&#8221; sticky_enabled=&#8221;0&#8243;]<\/p>\n<h2>November 2019<\/h2>\n<p>The company changes shareholders, joining Grup Plana.<\/p>\n<p>To carry out these lines, the company has a staff of qualified professionals and a modern fleet<\/p>\n<p>Our mission is to create long-term value for society and business through safe, efficient and quality mobility services that are environmentally friendly and safe in all areas.<\/p>\n<p>The company&#8217;s vision is to be a benchmark and leading organisation in the sector.<\/p>\n<p>We want to offer the best and safest service possible to satisfy the needs and expectations of our users and to gain and maintain their loyalty.<\/p>\n<p>In line with our commitment to the territory, in November 2020, the commercial name was changed to BusGarraf.<\/p>\n<p>[\/et_pb_text][\/et_pb_column][et_pb_column type=&#8221;1_2&#8243; _builder_version=&#8221;4.16&#8243; _module_preset=&#8221;default&#8221; global_colors_info=&#8221;{}&#8221;][et_pb_image src=&#8221;https:\/\/busgarraf.cat\/wp-content\/uploads\/2022\/05\/Autobuses-sin-reflejos-scaled.jpg&#8221; title_text=&#8221;Autobuses (sin reflejos)&#8221; _builder_version=&#8221;4.16&#8243; _module_preset=&#8221;default&#8221; custom_margin=&#8221;0px|0px|0px|0px|true|true&#8221; custom_padding=&#8221;0px|0px|0px|0px|true|true&#8221; global_colors_info=&#8221;{}&#8221;][\/et_pb_image][\/et_pb_column][\/et_pb_row][\/et_pb_section]<\/p>\n","protected":false},"excerpt":{"rendered":"<p>Founded at the beginning of the 20th century, dedicated to the transport of mail and trips from Pont d&#8217;Armentera to Valls.23rd of June of 1921 Obtained authorisation to establish a public passenger service between Pont de Armentera and Valls (round-trip). The route had non-fixed stops at Santes Creus, Vila-rodona and Ali\u00f3 and the following fares [&hellip;]<\/p>\n","protected":false},"author":1,"featured_media":0,"parent":0,"menu_order":0,"comment_status":"closed","ping_status":"closed","template":"","meta":{"_et_pb_use_builder":"on","_et_pb_old_content":"","_et_gb_content_width":"","footnotes":""},"_links":{"self":[{"href":"https:\/\/busgarraf.cat\/en\/wp-json\/wp\/v2\/pages\/1986"}],"collection":[{"href":"https:\/\/busgarraf.cat\/en\/wp-json\/wp\/v2\/pages"}],"about":[{"href":"https:\/\/busgarraf.cat\/en\/wp-json\/wp\/v2\/types\/page"}],"author":[{"embeddable":true,"href":"https:\/\/busgarraf.cat\/en\/wp-json\/wp\/v2\/users\/1"}],"replies":[{"embeddable":true,"href":"https:\/\/busgarraf.cat\/en\/wp-json\/wp\/v2\/comments?post=1986"}],"version-history":[{"count":25,"href":"https:\/\/busgarraf.cat\/en\/wp-json\/wp\/v2\/pages\/1986\/revisions"}],"predecessor-version":[{"id":5684,"href":"https:\/\/busgarraf.cat\/en\/wp-json\/wp\/v2\/pages\/1986\/revisions\/5684"}],"wp:attachment":[{"href":"https:\/\/busgarraf.cat\/en\/wp-json\/wp\/v2\/media?parent=1986"}],"curies":[{"name":"wp","href":"https:\/\/api.w.org\/{rel}","templated":true}]}}