{"id":2425,"date":"2022-09-19T13:43:11","date_gmt":"2022-09-19T13:43:11","guid":{"rendered":"https:\/\/busgarraf.cat\/politica-de-cookies\/"},"modified":"2022-09-19T13:52:19","modified_gmt":"2022-09-19T13:52:19","slug":"politica-de-cookies","status":"publish","type":"page","link":"https:\/\/busgarraf.cat\/en\/politica-de-cookies\/","title":{"rendered":"Pol\u00edtica de Cookies"},"content":{"rendered":"<p>[et_pb_section fb_built=&#8221;1&#8243; _builder_version=&#8221;4.17.6&#8243; _module_preset=&#8221;default&#8221; global_colors_info=&#8221;{}&#8221;][et_pb_row _builder_version=&#8221;4.17.6&#8243; _module_preset=&#8221;default&#8221; global_colors_info=&#8221;{}&#8221;][et_pb_column type=&#8221;4_4&#8243; _builder_version=&#8221;4.17.6&#8243; _module_preset=&#8221;default&#8221; global_colors_info=&#8221;{}&#8221;][et_pb_text _builder_version=&#8221;4.17.6&#8243; _dynamic_attributes=&#8221;content&#8221; _module_preset=&#8221;default&#8221; text_font=&#8221;|700|||||||&#8221; text_font_size=&#8221;32px&#8221; text_font_size_tablet=&#8221;32px&#8221; text_font_size_phone=&#8221;28px&#8221; text_font_size_last_edited=&#8221;on|phone&#8221; global_colors_info=&#8221;{}&#8221;]@ET-DC@eyJkeW5hbWljIjp0cnVlLCJjb250ZW50IjoicG9zdF90aXRsZSIsInNldHRpbmdzIjp7ImJlZm9yZSI6IiIsImFmdGVyIjoiIn19@[\/et_pb_text][\/et_pb_column][\/et_pb_row][et_pb_row _builder_version=&#8221;4.17.6&#8243; _module_preset=&#8221;default&#8221; global_colors_info=&#8221;{}&#8221;][et_pb_column type=&#8221;4_4&#8243; _builder_version=&#8221;4.17.6&#8243; _module_preset=&#8221;default&#8221; global_colors_info=&#8221;{}&#8221;][et_pb_text _builder_version=&#8221;4.17.6&#8243; _module_preset=&#8221;default&#8221; hover_enabled=&#8221;0&#8243; global_colors_info=&#8221;{}&#8221; sticky_enabled=&#8221;0&#8243;]<b>\u00bfQu\u00e9 son las cookies?\u00a0\u00a0<\/b><\/p>\n<p>Este sitio web utiliza cookies y\/o tecnolog\u00edas similares que almacenan y recuperan informaci\u00f3n cuando navegas. En general, estas tecnolog\u00edas pueden servir para finalidades muy diversas, como, por ejemplo, reconocerte como usuario, obtener informaci\u00f3n sobre tus h\u00e1bitos de navegaci\u00f3n, o personalizar la forma en que se muestra el contenido. Los usos concretos que hacemos de estas tecnolog\u00edas se describen a continuaci\u00f3n.<\/p>\n<p><b>\u00bfQu\u00e9 tipos de cookies existen?<\/b><\/p>\n<p>En funci\u00f3n de su finalidad, las cookies pueden ser:<\/p>\n<ul>\n<li><strong>Cookies t\u00e9cnicas<\/strong>: Son aqu\u00e9llas que permiten al usuario la navegaci\u00f3n a trav\u00e9s de una p\u00e1gina web, plataforma o aplicaci\u00f3n y la utilizaci\u00f3n de las diferentes opciones o servicios que en ella existan como, por ejemplo, controlar el tr\u00e1fico y la comunicaci\u00f3n de datos, identificar la sesi\u00f3n, acceder a partes de acceso restringido, recordar los elementos que integran un pedido, realizar el proceso de compra de un pedido, realizar la solicitud de inscripci\u00f3n o participaci\u00f3n en un\u00a0 evento, utilizar elementos de seguridad durante la navegaci\u00f3n, almacenar contenidos para la difusi\u00f3n de videos o sonido o compartir contenidos a trav\u00e9s de redes sociales.<\/li>\n<li><strong>Cookies de personalizaci\u00f3n o preferencias<\/strong>: Son aqu\u00e9llas que permiten al usuario acceder al servicio con algunas caracter\u00edsticas de car\u00e1cter general predefinidas en funci\u00f3n de una serie de criterios en el terminal del usuario como por ejemplo serian el idioma, el tipo de navegador a trav\u00e9s del cual accede al servicio, la configuraci\u00f3n regional desde donde accede al servicio, etc.<\/li>\n<li><strong>Cookies de an\u00e1lisis<\/strong>: Son aqu\u00e9llas que permiten al responsable de las mismas, el seguimiento y an\u00e1lisis del comportamiento de los usuarios de los sitios web a los que est\u00e1n vinculadas. La informaci\u00f3n recogida mediante este tipo de cookies se utiliza en la medici\u00f3n de la actividad de los sitios web, aplicaci\u00f3n o plataforma y para la elaboraci\u00f3n de perfiles de navegaci\u00f3n de los usuarios de dichos sitios, aplicaciones y plataformas, con el fin de introducir mejoras en funci\u00f3n del an\u00e1lisis de los datos de uso que hacen los usuarios del servicio.<\/li>\n<li><strong>Cookies publicitarias<\/strong>: Son aqu\u00e9llas que permiten la gesti\u00f3n, de la forma m\u00e1s eficaz posible, de los espacios publicitarios que, en su caso, el editor haya incluido en una p\u00e1gina web, aplicaci\u00f3n o plataforma desde la que presta el servicio solicitado en base a criterios como el contenido editado o la frecuencia en la que se muestran los anuncios.<\/li>\n<li><strong>Cookies de publicidad comportamental<\/strong>: Son aqu\u00e9llas que permiten la gesti\u00f3n, de la forma m\u00e1s eficaz posible, de los espacios publicitarios que, en su caso, el editor haya incluido en una p\u00e1gina web, aplicaci\u00f3n o plataforma desde la que presta el servicio solicitado. Estas cookies almacenan informaci\u00f3n del comportamiento de los usuarios obtenida a trav\u00e9s de la observaci\u00f3n continuada de sus h\u00e1bitos de navegaci\u00f3n, lo que permite desarrollar un perfil espec\u00edfico para mostrar publicidad en funci\u00f3n del mismo.<\/li>\n<\/ul>\n<p><strong>\u00bfQu\u00e9 cookies utilizamos? \u00bfLas puedo configurar? Panel de configuraci\u00f3n de cookies.<\/strong><\/p>\n<p>Procedemos a detallar el uso de cookies que hace esta APP con el fin de informarle con la m\u00e1xima exactitud posible sobre las cookies que se utilizan en el presente entorno. Asimismo, para su facilidad le ofrecemos la posibilidad de aceptar o rechazar las cookies que le interesen, desde nuestro panel de configuraci\u00f3n de cookies. El editor no se hace responsable ni del contenido ni de la veracidad de las pol\u00edticas de privacidad que puedan tener los terceros mencionados en la presente Pol\u00edtica de cookies.<\/p>\n<p><strong>\u00bfQui\u00e9n utiliza las cookies?<\/strong><\/p>\n<p>La informaci\u00f3n recopilada por las cookies puede ser recibida tanto por el editor de este entorno como por terceros. Debe tener en cuenta que si acepta la inclusi\u00f3n de cookies de terceros, para poder retirar posteriormente dichas cookies deber\u00e1 acudir a las instrucciones de su navegador o las otorgadas por el propio tercero.<\/p>\n<p>A continuaci\u00f3n, le facilitamos informaci\u00f3n relativa a la gesti\u00f3n o desactivaci\u00f3n de cookies de los principales navegadores:<\/p>\n<ul>\n<li>Configuraci\u00f3n de cookies de Internet Explorer,<span>\u00a0<\/span><a title=\"http:\/\/windows.microsoft.com\/en-us\/windows\/upgrade-your-browser\" href=\"http:\/\/windows.microsoft.com\/en-us\/windows\/upgrade-your-browser\" target=\"_blank\" rel=\"noopener\">http:\/\/windows.microsoft.com\/en-us\/windows\/upgrade-your-browser<\/a><\/li>\n<li>Configuraci\u00f3n de cookies de Firefox,<span>\u00a0<\/span><a title=\"https:\/\/support.mozilla.org\/es\/kb\/habilitar-y-deshabilitar-cookies-que-los-sitios-we\" href=\"https:\/\/support.mozilla.org\/es\/kb\/habilitar-y-deshabilitar-cookies-que-los-sitios-we\" target=\"_blank\" rel=\"noopener\">https:\/\/support.mozilla.org\/es\/kb\/habilitar-y-deshabilitar-cookies-que-los-sitios-we<\/a><\/li>\n<li>Configuraci\u00f3n de cookies de Google Chrome,<span>\u00a0<\/span><a title=\"https:\/\/support.goo gle.com\/chrome\/answer\/95647?hl=es\" href=\"https:\/\/support.goo%20gle.com\/chrome\/answer\/95647?hl=es\" target=\"_blank\" rel=\"noopener\">https:\/\/support.goo gle.com\/chrome\/answer\/95647?hl=es<\/a><\/li>\n<li>Configuraci\u00f3n de cookies de Safari,<span>\u00a0<\/span><a title=\"http:\/\/support.apple.com\/kb\/HT1677?viewlocale=es_ES&amp;locale=es_ES\" href=\"http:\/\/support.apple.com\/kb\/HT1677?viewlocale=es_ES&amp;locale=es_ES\" target=\"_blank\" rel=\"noopener\">http:\/\/support.apple.com\/kb\/HT1677?viewlocale=es_ES&amp;locale=es_ES<\/a><\/li>\n<li>Configuraci\u00f3n de cookies de Windows Phone \u2013<span>\u00a0<\/span><a title=\"https:\/\/support.microsoft.com\/es-es\/help\/10635\/windows-phone-change-privacy-and other-browser-settings\" href=\"https:\/\/support.microsoft.com\/es-es\/help\/10635\/windows-phone-change-privacy-and%20other-browser-settings\" target=\"_blank\" rel=\"noopener\">https:\/\/support.microsoft.com\/es-es\/help\/10635\/windows-phone-change-privacy-and other-browser-settings<\/a><\/li>\n<\/ul>\n<p>Puede consultar qui\u00e9n utiliza la informaci\u00f3n recibida de las cookies (el propio editor o terceros) en nuestro panel de configuraci\u00f3n de cookies.<\/p>\n<p><strong>\u00bfDurante cu\u00e1nto tiempo se conserva la informaci\u00f3n de las cookies?<\/strong><\/p>\n<p>Puede consultar durante cu\u00e1nto tiempo se conserva la informaci\u00f3n de cada tipo de cookie utilizada en nuestro panel de configuraci\u00f3n de cookies.<\/p>\n<p><strong>\u00bfC\u00f3mo desinstalo las cookies?<\/strong><\/p>\n<p>El usuario puede desinstalar e inhabilitar las cookies desde su terminal ajustando la configuraci\u00f3n de manera que se acepte o se rechace los permisos que desee. Desde este entorno no se puede garantizar la correcta o incorrecta manipulaci\u00f3n de las cookies desde elementos externos al mismo. Si desea tener un mayor control sobre la instalaci\u00f3n de cookies, puede instalar programas o complementos en su dispositivo que le permitan escoger aquellas cookies que desea permitir.<\/p>\n<p>El editor no puede garantizar la correcta o incorrecta manipulaci\u00f3n de las cookies por parte de los mencionados navegadores. Si desea tener un mayor control sobre la instalaci\u00f3n de cookies, puede instalar programas o complementos a su navegador, conocidos como herramientas de \u201cDo Not Track\u201d, que le permitir\u00e1n escoger aquellas cookies que desea permitir.<\/p>\n<p>El hecho de que el usuario configure su dispositivo para rechazar todas las cookies o expresamente nuestras cookies puede suponer que no sea posible acceder a algunos de los servicios y que su experiencia en este entorno pueda resultar menos satisfactoria.<\/p>\n<p><strong>\u00bfD\u00f3nde puedo conocer m\u00e1s informaci\u00f3n relativa a la protecci\u00f3n de mis datos personales?<\/strong><\/p>\n<p>Puede consultar nuestra pol\u00edtica de privacidad a trav\u00e9s del siguiente enlace:\u00a0<a title=\"https:\/\/busgarraf.cat\/politica-de-privacidad\/\" href=\"https:\/\/busgarraf.cat\/en\/politica-de-privacidad\/\" target=\"_blank\" rel=\"noopener\">https:\/\/busgarraf.cat\/politica-de-privacidad\/<\/a><\/p>\n<p>El editor, identificado en el aviso legal, se reserva el derecho a modificar la presente Pol\u00edtica de Cookies para adaptarla a futura legislaci\u00f3n y\/o jurisprudencia aplicable, as\u00ed como a los futuros usos de los datos personales del usuario. En cualquier caso, los usuarios ser\u00e1n informados previamente de los cambios en la mencionada pol\u00edtica.[\/et_pb_text][\/et_pb_column][\/et_pb_row][\/et_pb_section]<\/p>\n","protected":false},"excerpt":{"rendered":"<p>\u00bfQu\u00e9 son las cookies?\u00a0\u00a0 Este sitio web utiliza cookies y\/o tecnolog\u00edas similares que almacenan y recuperan informaci\u00f3n cuando navegas. En general, estas tecnolog\u00edas pueden servir para finalidades muy diversas, como, por ejemplo, reconocerte como usuario, obtener informaci\u00f3n sobre tus h\u00e1bitos de navegaci\u00f3n, o personalizar la forma en que se muestra el contenido. Los usos concretos [&hellip;]<\/p>\n","protected":false},"author":1,"featured_media":0,"parent":0,"menu_order":0,"comment_status":"closed","ping_status":"closed","template":"","meta":{"_et_pb_use_builder":"on","_et_pb_old_content":"","_et_gb_content_width":"","footnotes":""},"_links":{"self":[{"href":"https:\/\/busgarraf.cat\/en\/wp-json\/wp\/v2\/pages\/2425"}],"collection":[{"href":"https:\/\/busgarraf.cat\/en\/wp-json\/wp\/v2\/pages"}],"about":[{"href":"https:\/\/busgarraf.cat\/en\/wp-json\/wp\/v2\/types\/page"}],"author":[{"embeddable":true,"href":"https:\/\/busgarraf.cat\/en\/wp-json\/wp\/v2\/users\/1"}],"replies":[{"embeddable":true,"href":"https:\/\/busgarraf.cat\/en\/wp-json\/wp\/v2\/comments?post=2425"}],"version-history":[{"count":1,"href":"https:\/\/busgarraf.cat\/en\/wp-json\/wp\/v2\/pages\/2425\/revisions"}],"predecessor-version":[{"id":2429,"href":"https:\/\/busgarraf.cat\/en\/wp-json\/wp\/v2\/pages\/2425\/revisions\/2429"}],"wp:attachment":[{"href":"https:\/\/busgarraf.cat\/en\/wp-json\/wp\/v2\/media?parent=2425"}],"curies":[{"name":"wp","href":"https:\/\/api.w.org\/{rel}","templated":true}]}}