{"id":2404,"date":"2022-09-19T13:37:46","date_gmt":"2022-09-19T13:37:46","guid":{"rendered":"https:\/\/busgarraf.cat\/?page_id=2404"},"modified":"2022-09-19T13:38:06","modified_gmt":"2022-09-19T13:38:06","slug":"aviso-legal","status":"publish","type":"page","link":"https:\/\/busgarraf.cat\/es\/aviso-legal\/","title":{"rendered":"Aviso Legal"},"content":{"rendered":"<p>[et_pb_section fb_built=\u00bb1&#8243; theme_builder_area=\u00bbpost_content\u00bb _builder_version=\u00bb4.17.6&#8243; _module_preset=\u00bbdefault\u00bb][et_pb_row _builder_version=\u00bb4.17.6&#8243; _module_preset=\u00bbdefault\u00bb theme_builder_area=\u00bbpost_content\u00bb][et_pb_column _builder_version=\u00bb4.17.6&#8243; _module_preset=\u00bbdefault\u00bb type=\u00bb4_4&#8243; theme_builder_area=\u00bbpost_content\u00bb][et_pb_text _builder_version=\u00bb4.17.6&#8243; _module_preset=\u00bbdefault\u00bb theme_builder_area=\u00bbpost_content\u00bb _dynamic_attributes=\u00bbcontent\u00bb hover_enabled=\u00bb0&#8243; sticky_enabled=\u00bb0&#8243; text_font_size=\u00bb32px\u00bb text_font=\u00bb|700|||||||\u00bb text_font_size_last_edited=\u00bbon|phone\u00bb text_font_size_phone=\u00bb28px\u00bb text_font_size_tablet=\u00bb32px\u00bb]@ET-DC@eyJkeW5hbWljIjp0cnVlLCJjb250ZW50IjoicG9zdF90aXRsZSIsInNldHRpbmdzIjp7ImJlZm9yZSI6IiIsImFmdGVyIjoiIn19@[\/et_pb_text][\/et_pb_column][\/et_pb_row][et_pb_row _builder_version=\u00bb4.17.6&#8243; _module_preset=\u00bbdefault\u00bb theme_builder_area=\u00bbpost_content\u00bb][et_pb_column _builder_version=\u00bb4.17.6&#8243; _module_preset=\u00bbdefault\u00bb type=\u00bb4_4&#8243; theme_builder_area=\u00bbpost_content\u00bb][et_pb_text _builder_version=\u00bb4.17.6&#8243; _module_preset=\u00bbdefault\u00bb theme_builder_area=\u00bbpost_content\u00bb hover_enabled=\u00bb0&#8243; sticky_enabled=\u00bb0&#8243;]<\/p>\n<p><strong>Raz\u00f3n Social o Nombre de la Empresa<\/strong><br \/>Cintoi Bus, S.L.<\/p>\n<p><strong>CIF<\/strong><br \/>B61075347<\/p>\n<p><strong>Direcci\u00f3n:<\/strong><br \/>C\/ Pagesia s\/n<\/p>\n<p><strong>Poblaci\u00f3n:<\/strong><br \/>Sant Pere de Ribes<\/p>\n<p><strong>C\u00f3digo Postal:<\/strong><br \/>08812<\/p>\n<p><strong>N\u00ba Registro Mercantil<\/strong><br \/>Registro Mercantil de Barcelona, secci\u00f3n 8\u00aa, hoja 143077<\/p>\n<p>[\/et_pb_text][\/et_pb_column][\/et_pb_row][et_pb_row _builder_version=\u00bb4.17.6&#8243; _module_preset=\u00bbdefault\u00bb theme_builder_area=\u00bbpost_content\u00bb][et_pb_column _builder_version=\u00bb4.17.6&#8243; _module_preset=\u00bbdefault\u00bb type=\u00bb4_4&#8243; theme_builder_area=\u00bbpost_content\u00bb][et_pb_text _builder_version=\u00bb4.17.6&#8243; _module_preset=\u00bbdefault\u00bb theme_builder_area=\u00bbpost_content\u00bb hover_enabled=\u00bb0&#8243; sticky_enabled=\u00bb0&#8243;]<\/p>\n<ol>\n<li><strong>CONCEPTO DE USUARIO<\/strong><\/li>\n<\/ol>\n<p><strong>\u00a0<\/strong><br \/>\nLa utilizaci\u00f3n de la web (incluida su \u00e1rea privada) atribuye la condici\u00f3n de Usuario, e implica la aceptaci\u00f3n plena y sin reservas de todas y cada una de las disposiciones incluidas en este Aviso Legal y en las Pol\u00edticas de Privacidad en la versi\u00f3n publicada por Cintoi Bus, S.L. en el mismo momento en que el Usuario acceda a la web. En consecuencia, el Usuario debe leer atentamente el presente Aviso Legal y las Pol\u00edticas de Privacidad en cada una de las ocasiones en que se proponga utilizar la web, puesto que puede tener modificaciones.<\/p>\n<p>&nbsp;<\/p>\n<ol start=\"2\">\n<li><strong>INFORMACI\u00d3N SOBRE LOS LINKS<\/strong><\/li>\n<\/ol>\n<p><strong>\u00a0<\/strong><br \/>\nCintoi Bus, S.L no se hace responsable de las webs no propias a las que se puede acceder mediante v\u00ednculos \u201clinks\u201d o de cualquier contenido puesto a disposici\u00f3n por terceros.<\/p>\n<p>Cualquier uso de un v\u00ednculo o acceso a una web no propia es realizado por voluntad y riesgo exclusivo del usuario y Cintoi Bus, S.L no recomienda ni garantiza ninguna informaci\u00f3n obtenida a trav\u00e9s de un v\u00ednculo ajeno a la web de Cintoi Bus, S.L ni se responsabiliza de ninguna p\u00e9rdida, reclamaci\u00f3n o perjuicio derivada del uso o mal uso de un v\u00ednculo, o de la informaci\u00f3n obtenida a trav\u00e9s de \u00e9l, incluyendo otros v\u00ednculos o webs, de la interrupci\u00f3n en el servicio o en el acceso, o del intento de usar o usar mal un v\u00ednculo, tanto al conectarse a la web de Cintoi Bus, S.L como al acceder a la informaci\u00f3n de otras webs desde la web de Cintoi Bus, S.L.<\/p>\n<p>&nbsp;<br \/>\n<strong>\u00a0<\/strong><\/p>\n<ol start=\"3\">\n<li><strong>V\u00cdNCULOS O ENLACES DESDE OTRAS WEBS EXTERNAS<\/strong><\/li>\n<\/ol>\n<p>Se proh\u00edbe expresamente establecer v\u00ednculos desde p\u00e1ginas que contengan manifestaciones o propaganda de car\u00e1cter racista, xen\u00f3fobo, pornogr\u00e1fico, de apolog\u00eda del terrorismo, en contra de los Derechos Humanos o cualquier otro de car\u00e1cter il\u00edcito o contrario a la moral y al orden p\u00fablico. En ning\u00fan caso se podr\u00e1 dar a entender, ni declarar que, Cintoi Bus, S.L, interviene, avala, promociona, participa o ha supervisado en forma alguna los contenidos de la p\u00e1gina donde figure el enlace, ni tan s\u00f3lo que consienta su incursi\u00f3n, excepto autorizaci\u00f3n expresa.<\/p>\n<p>&nbsp;<br \/>\n<strong>\u00a0<\/strong><\/p>\n<ol start=\"4\">\n<li><strong>POLITICA DE PRIVACIDAD<\/strong><\/li>\n<\/ol>\n<p><strong>\u00a0<\/strong><br \/>\nCintoi Bus, S.L, provista de CIF B61075347, act\u00faa como titular, dinamizador y gestor de contenidos de la presente web. La entidad informa a los Usuarios que cumple con la vigente normativa de protecci\u00f3n de datos, y con car\u00e1cter especial, con el Reglamento (UE) 2016\/679 del Parlamento Europeo y del Consejo de 27 de abril de 2016 relativo a la protecci\u00f3n de las personas f\u00edsicas en lo que respecta al tratamiento de datos personales y a la libre circulaci\u00f3n de estos datos y por el que se deroga la Directiva 95\/46\/CE (Reglamento general de protecci\u00f3n de datos) y con la Ley de la Sociedad de Servicios de la Informaci\u00f3n y Comercio Electr\u00f3nico, Ley 34\/2002, de 11 de julio.<\/p>\n<p>En virtud de esta normativa se informa que los datos facilitados por el Usuario a trav\u00e9s de los formularios de la web (incluida el \u00c1rea Privada), ser\u00e1n incorporados y tratados en un tratamiento debidamente registrado en el RGAEPD del que es responsable Cintoi Bus, S.L, con la finalidad de atender la relaci\u00f3n establecida entre las partes y amparada por la normativa en especial en materia de Prevenci\u00f3n de Riesgos Laborales y dem\u00e1s legislaci\u00f3n conexa. Los datos son confidenciales y su uso responde a los fines legalmente establecidos en cada momento determinado. Si lo desea puede acceder, rectificar, cancelar y oponerse al tratamiento de dichos datos mediante escrito dirigido a C\/ Pagesia s\/n, 08812 Sant Pere de Ribes, Barcelona. Para obtener m\u00e1s informaci\u00f3n acerca de nuestra Pol\u00edtica de Privacidad, por favor dir\u00edjase al siguiente enlace<span>\u00a0<\/span><strong>Pol\u00edtica de Privacidad<\/strong>.<\/p>\n<p>&nbsp;<\/p>\n<ol start=\"5\">\n<li><strong>INFORMACI\u00d3N SOBRE LA UTILIZACI\u00d3N DE COOKIES<\/strong><\/li>\n<\/ol>\n<p><strong>\u00a0<\/strong><br \/>\nEn esta web se pueden utilizar cookies. La finalidad de dichas cookies es mejorar el servicio que ofrecen a sus clientes y a nuestros visitantes. Si desea saber m\u00e1s sobre el uso de las cookies por parte de Cintoi Bus, S.L dir\u00edjase a nuestra<span>\u00a0<\/span><strong>Pol\u00edtica de cookies<\/strong>.<\/p>\n<p>&nbsp;<\/p>\n<ol start=\"6\">\n<li><strong>RENUNCIA Y LIMITACI\u00d3N DE LA RESPONSABILIDAD<\/strong><\/li>\n<\/ol>\n<p><strong>\u00a0<\/strong><br \/>\nCintoi Bus, S.L informa que en todo momento implementa las medidas de seguridad oportunas a fin de presentar a los usuarios de la web informaciones y servicios adecuados, ciertos y actualizados; no obstante, se reserva el derecho de rectificaci\u00f3n sobre aquellos aspectos que, eventualmente y de forma fortuita, puedan sufrir incorrecciones, desactualizaciones o errores.<\/p>\n<p>Cintoi Bus, S.L ha obtenido la informaci\u00f3n y los materiales incluidos en la web de fuentes consideradas como fiables, pero si bien se han tomado las medidas correspondientes por asegurar que la informaci\u00f3n contenida sea correcta, no garantiza que sea exacta o actualizada.<\/p>\n<p>Tambi\u00e9n se advierte que los contenidos de esta web tienen dos finalidades, una finalidad informativa en cuanto a la calidad, situaci\u00f3n, servicios y tarifas y otra de venta de servicios, seg\u00fan lo previsto en el presente aviso legal y el resto de los textos legales de la presente web.<\/p>\n<p>&nbsp;<\/p>\n<ol start=\"7\">\n<li><strong>INDICACIONES SOBRE ASPECTOS T\u00c9CNICOS<\/strong><\/li>\n<\/ol>\n<p>Cintoi Bus, S.L declina cualquier responsabilidad en caso de que existan interrupciones o un mal funcionamiento de los servicios o contenidos ofrecidos en Internet, cualquiera que sea su causa. Asimismo, Cintoi Bus, S.L no se hace responsable por ca\u00eddas de la red, p\u00e9rdidas de informaci\u00f3n como consecuencia de dichas ca\u00eddas, suspensiones temporales del fluido el\u00e9ctrico o cualquier otro tipo de da\u00f1o indirecto que le pueda ser causado a los Usuarios por causas ajenas a Cintoi Bus, S.L<\/p>\n<p>Cintoi Bus, S.L. no declara ni garantiza que los servicios o contenidos sean ininterrumpidos o que est\u00e9n libres de errores, que los defectos sean corregidos, o que el servicio o el servidor que lo pone a disposici\u00f3n est\u00e9n libres de virus u otros componentes nocivos, sin perjuicio de que Cintoi Bus, S.L. realiza sus mejores esfuerzos en evitar este tipo de incidentes. En caso de que el Usuario tomara determinadas decisiones o realizara acciones con base a la informaci\u00f3n incluida en cualquiera de los websites, se recomienda la comprobaci\u00f3n de la informaci\u00f3n recibida con otras fuentes.<\/p>\n<p>&nbsp;<\/p>\n<ol start=\"8\">\n<li><strong>PROPIEDAD INDUSTRIAL E INTELECTUAL<\/strong><\/li>\n<\/ol>\n<p><strong>\u00a0<\/strong><br \/>\nLos contenidos prestados por Cintoi Bus, S.L as\u00ed como los contenidos vertidos en la red a trav\u00e9s de sus p\u00e1ginas web, constituyen una obra en el sentido de la legislaci\u00f3n sobre propiedad intelectual por lo que se hallan protegidos por las leyes y convenios internacionales aplicables en la materia.<\/p>\n<p>Queda prohibida cualquier forma de reproducci\u00f3n, distribuci\u00f3n, comunicaci\u00f3n p\u00fablica, transformaci\u00f3n, puesta a disposici\u00f3n y, en general, cualquier otro acto de explotaci\u00f3n p\u00fablica referido tanto a las p\u00e1ginas web como a sus contenidos e informaci\u00f3n, sin el expreso y previo consentimiento y por escrito de Cintoi Bus, S.L<\/p>\n<p>En consecuencia, todos los contenidos que se muestran en los diferentes websites y en especial, dise\u00f1os, textos, gr\u00e1ficos, logotipos, iconos, botones, software, nombres comerciales, marcas, dibujos industriales o cualesquiera otros signos susceptibles de utilizaci\u00f3n industrial y comercial est\u00e1n sujetos a derechos de propiedad intelectual e industrial de Cintoi Bus, S.L o de terceros titulares de los mismos que han autorizado debidamente su inclusi\u00f3n en los diferentes websites.<\/p>\n<p>Los contenidos, im\u00e1genes, formas, opiniones, \u00edndices y dem\u00e1s expresiones formales que formen parte de las p\u00e1ginas web, as\u00ed como el software necesario para el funcionamiento y visualizaci\u00f3n de las mismas, constituyen asimismo una obra en el sentido del Derecho de Autor y quedan, por lo tanto, protegidas por las convenciones internacionales y legislaciones nacionales en materia de Propiedad intelectual que resulten aplicables. El incumplimiento de lo se\u00f1alado implica la comisi\u00f3n de graves actos il\u00edcitos y su sanci\u00f3n por la legislaci\u00f3n civil y penal.<\/p>\n<p>Queda prohibido todo acto por virtud del cual los Usuarios de los servicios o contenidos puedan explotar o servirse comercialmente, directa o indirectamente, en su totalidad o parcialmente, de cualquiera de los contenidos, im\u00e1genes, formas, \u00edndices y dem\u00e1s expresiones formales que formen parte de las p\u00e1ginas web sin permiso previo y por escrito de Cintoi Bus, S.L<\/p>\n<p>En concreto, y sin car\u00e1cter exhaustivo, quedan prohibidos los actos de reproducci\u00f3n, distribuci\u00f3n, exhibici\u00f3n, transmisi\u00f3n, retransmisi\u00f3n, emisi\u00f3n en cualquier forma, almacenamiento en soportes f\u00edsicos o l\u00f3gicos (por ejemplo, disquetes o disco duro de ordenadores), digitalizaci\u00f3n o puesta a disposici\u00f3n desde bases de datos distintas de las pertenecientes a las autorizadas por Cintoi Bus, S.L as\u00ed como su traducci\u00f3n, adaptaci\u00f3n, arreglo o cualquier otra transformaci\u00f3n de dichas opiniones, im\u00e1genes, formas, \u00edndices y dem\u00e1s expresiones formales que se pongan a disposici\u00f3n de los Usuarios a trav\u00e9s de los servicios o contenidos, en tanto tales actos est\u00e9n sometidos a la legislaci\u00f3n aplicable en materia de Propiedad intelectual, industrial o de protecci\u00f3n de la imagen.<\/p>\n<p>Cintoi Bus, S.L es libre de limitar el acceso a las p\u00e1ginas web, y a los productos y\/o servicios en ella ofrecidos, as\u00ed como la consiguiente publicaci\u00f3n de las opiniones, observaciones, im\u00e1genes o comentarios que los Usuarios puedan hacerle llegar a trav\u00e9s del correo electr\u00f3nico.<\/p>\n<p>Cintoi Bus, S.L en este sentido, podr\u00e1 establecer, si lo considera oportuno, sin perjuicio de la \u00fanica y exclusiva responsabilidad de los Usuarios, los filtros necesarios a fin de evitar que a trav\u00e9s de sus p\u00e1ginas web puedan verterse en la red contenidos u opiniones, considerados como racistas, xen\u00f3fobos, discriminatorios, pornogr\u00e1ficos, difamatorios o que, de cualquier modo, fomenten la violencia o la diseminaci\u00f3n de contenidos claramente il\u00edcitos o nocivos.<\/p>\n<p>Aquellos Usuarios que env\u00eden a las p\u00e1ginas web de Cintoi Bus, S.L a su departamento de sugerencias, observaciones, opiniones o comentarios por medio del servicio de correo electr\u00f3nico, salvo que expresen de manera cierta e inconfundible lo contrario, en los casos en los que por la naturaleza de los servicios o contenidos ello sea posible, se entiende que autorizan a Cintoi Bus, S.L para la reproducci\u00f3n, distribuci\u00f3n, exhibici\u00f3n, transmisi\u00f3n, retransmisi\u00f3n, emisi\u00f3n en cualquier formato, almacenamiento en soportes f\u00edsicos o l\u00f3gicos (por ejemplo, disquetes o disco duro de ordenadores), digitalizaci\u00f3n, puesta a disposici\u00f3n desde bases de datos pertenecientes a Cintoi Bus, S.L traducci\u00f3n, adaptaci\u00f3n, arreglo o cualquier otra transformaci\u00f3n de tales observaciones, opiniones o comentarios, por todo el tiempo de protecci\u00f3n de derecho de autor que est\u00e9 previsto legalmente.<\/p>\n<p>Asimismo, se entiende que esta autorizaci\u00f3n se hace a t\u00edtulo gratuito, y que por el solo hecho de enviar por correo electr\u00f3nico tales observaciones, opiniones o comentarios, los Usuarios declinan cualquier pretensi\u00f3n remuneratoria por parte de Cintoi Bus, S.L<\/p>\n<p>De acuerdo con lo se\u00f1alado en el p\u00e1rrafo anterior, Cintoi Bus, S.L queda autorizada igualmente para proceder a la modificaci\u00f3n o alteraci\u00f3n de tales observaciones, opiniones o comentarios, a fin de adaptarlos a las necesidades de formato editorial de las p\u00e1ginas web, sin que por ello pueda entenderse que existe en absoluto cualquier tipo de lesi\u00f3n de cualesquiera de las facultades morales de derecho de autor que los Usuarios pudieran ostentar sobre aqu\u00e9llas.<\/p>\n<p>Quedan prohibidos cualesquiera de los recursos t\u00e9cnicos, l\u00f3gicos o tecnol\u00f3gicos por virtud de los cuales un tercero pueda beneficiarse, directa o indirectamente, con o sin lucro, de todos y cada uno de los contenidos, formas, \u00edndices y dem\u00e1s expresiones formales que formen parte de las p\u00e1ginas web, o del esfuerzo llevado a cabo por Cintoi Bus, S.L para su funcionamiento.<\/p>\n<p>En concreto, queda prohibido todo enlace, frame o v\u00ednculo similar que pueda establecerse en direcci\u00f3n a las p\u00e1ginas web de Cintoi Bus, S.L sin el consentimiento previo, expreso y por escrito de EL CLIENTE. Cualquier trasgresi\u00f3n de lo dispuesto en este punto ser\u00e1 considerada como lesi\u00f3n de los leg\u00edtimos derechos de Propiedad intelectual de Cintoi Bus, S.L sobre las p\u00e1ginas web y todos los contenidos de las mismas.<\/p>\n<p>Cintoi Bus, S.L no asumir\u00e1 responsabilidad alguna ante consecuencias derivadas de las conductas y actuaciones antes citadas, del mismo modo que no asumir\u00e1 responsabilidad alguna por los contenidos, servicios, productos, etc., de terceros a los que se pueda acceder directamente o a trav\u00e9s de banners, enlaces, links, hyperlinks, framing o v\u00ednculos similares desde los websites de Cintoi Bus, S.L<\/p>\n<p>Quedan prohibidos cualesquiera de los recursos t\u00e9cnicos, l\u00f3gicos o tecnol\u00f3gicos por virtud de los cuales un tercero pueda beneficiarse, directa o indirectamente, con o sin lucro, de todos y cada uno de los contenidos, formas, \u00edndices y dem\u00e1s expresiones formales que formen parte de las p\u00e1ginas web, o del esfuerzo llevado a cabo por Cintoi Bus, S.L. para su funcionamiento.<\/p>\n<p>En concreto, queda prohibido todo link, hyperlink, framing o v\u00ednculo similar que pueda establecerse en direcci\u00f3n a las p\u00e1ginas web de Cintoi Bus, S.L. sin el consentimiento previo, expreso y por escrito de Cintoi Bus, S.L. Cualquier trasgresi\u00f3n de lo dispuesto en este punto ser\u00e1 considerada como lesi\u00f3n de los leg\u00edtimos derechos de Propiedad intelectual de EL CLIENTE sobre las p\u00e1ginas web y todos los contenidos de las mismas.<\/p>\n<p>Cintoi Bus, S.L no asumir\u00e1 responsabilidad alguna ante consecuencias derivadas de las conductas y actuaciones antes citadas, del mismo modo que no asumir\u00e1 responsabilidad alguna por los contenidos, servicios, productos, etc., de terceros a los que se pueda acceder directamente o a trav\u00e9s de banners, enlaces, frames o v\u00ednculos similares desde los websites de Cintoi Bus, S.L[\/et_pb_text][\/et_pb_column][\/et_pb_row][\/et_pb_section]<\/p>\n","protected":false},"excerpt":{"rendered":"<p>Raz\u00f3n Social o Nombre de la EmpresaCintoi Bus, S.L. CIFB61075347 Direcci\u00f3n:C\/ Pagesia s\/n Poblaci\u00f3n:Sant Pere de Ribes C\u00f3digo Postal:08812 N\u00ba Registro MercantilRegistro Mercantil de Barcelona, secci\u00f3n 8\u00aa, hoja 143077 CONCEPTO DE USUARIO \u00a0 La utilizaci\u00f3n de la web (incluida su \u00e1rea privada) atribuye la condici\u00f3n de Usuario, e implica la aceptaci\u00f3n plena y sin reservas [&hellip;]<\/p>\n","protected":false},"author":1,"featured_media":0,"parent":0,"menu_order":0,"comment_status":"closed","ping_status":"closed","template":"","meta":{"_et_pb_use_builder":"on","_et_pb_old_content":"","_et_gb_content_width":"","footnotes":""},"_links":{"self":[{"href":"https:\/\/busgarraf.cat\/es\/wp-json\/wp\/v2\/pages\/2404"}],"collection":[{"href":"https:\/\/busgarraf.cat\/es\/wp-json\/wp\/v2\/pages"}],"about":[{"href":"https:\/\/busgarraf.cat\/es\/wp-json\/wp\/v2\/types\/page"}],"author":[{"embeddable":true,"href":"https:\/\/busgarraf.cat\/es\/wp-json\/wp\/v2\/users\/1"}],"replies":[{"embeddable":true,"href":"https:\/\/busgarraf.cat\/es\/wp-json\/wp\/v2\/comments?post=2404"}],"version-history":[{"count":4,"href":"https:\/\/busgarraf.cat\/es\/wp-json\/wp\/v2\/pages\/2404\/revisions"}],"predecessor-version":[{"id":2409,"href":"https:\/\/busgarraf.cat\/es\/wp-json\/wp\/v2\/pages\/2404\/revisions\/2409"}],"wp:attachment":[{"href":"https:\/\/busgarraf.cat\/es\/wp-json\/wp\/v2\/media?parent=2404"}],"curies":[{"name":"wp","href":"https:\/\/api.w.org\/{rel}","templated":true}]}}