{"id":2414,"date":"2022-09-19T13:45:08","date_gmt":"2022-09-19T13:45:08","guid":{"rendered":"https:\/\/busgarraf.cat\/?page_id=2414"},"modified":"2022-09-19T13:46:21","modified_gmt":"2022-09-19T13:46:21","slug":"politica-de-privacidad","status":"publish","type":"page","link":"https:\/\/busgarraf.cat\/es\/politica-de-privacidad\/","title":{"rendered":"Pol\u00edtica de Privacidad"},"content":{"rendered":"<p>[et_pb_section fb_built=\u00bb1&#8243; _builder_version=\u00bb4.17.6&#8243; _module_preset=\u00bbdefault\u00bb global_colors_info=\u00bb{}\u00bb][et_pb_row _builder_version=\u00bb4.17.6&#8243; _module_preset=\u00bbdefault\u00bb global_colors_info=\u00bb{}\u00bb][et_pb_column type=\u00bb4_4&#8243; _builder_version=\u00bb4.17.6&#8243; _module_preset=\u00bbdefault\u00bb global_colors_info=\u00bb{}\u00bb][et_pb_text _builder_version=\u00bb4.17.6&#8243; _dynamic_attributes=\u00bbcontent\u00bb _module_preset=\u00bbdefault\u00bb text_font=\u00bb|700|||||||\u00bb text_font_size=\u00bb32px\u00bb text_font_size_tablet=\u00bb32px\u00bb text_font_size_phone=\u00bb28px\u00bb text_font_size_last_edited=\u00bbon|phone\u00bb global_colors_info=\u00bb{}\u00bb]@ET-DC@eyJkeW5hbWljIjp0cnVlLCJjb250ZW50IjoicG9zdF90aXRsZSIsInNldHRpbmdzIjp7ImJlZm9yZSI6IiIsImFmdGVyIjoiIn19@[\/et_pb_text][\/et_pb_column][\/et_pb_row][et_pb_row _builder_version=\u00bb4.17.6&#8243; _module_preset=\u00bbdefault\u00bb global_colors_info=\u00bb{}\u00bb][et_pb_column type=\u00bb4_4&#8243; _builder_version=\u00bb4.17.6&#8243; _module_preset=\u00bbdefault\u00bb global_colors_info=\u00bb{}\u00bb][et_pb_text _builder_version=\u00bb4.17.6&#8243; _module_preset=\u00bbdefault\u00bb hover_enabled=\u00bb0&#8243; global_colors_info=\u00bb{}\u00bb sticky_enabled=\u00bb0&#8243;]<b>1. Responsable del Tratamiento<\/b><\/p>\n<p><strong>Responsable del Tratamiento:<span>\u00a0<\/span><\/strong>Cintoi bus, S.L.<br \/>\n<strong>Direcci\u00f3n Postal:<\/strong><span>\u00a0<\/span>C\/Pagesia S\/N, 08812 Sant Pere de Ribes (Barcelona)<br \/>\n<strong>Tel\u00e9fono:<\/strong><span>\u00a0<\/span>93\u00a0893 70 60<br \/>\n<strong>Email:<\/strong><span>\u00a0<\/span>info@busgarraf.cat<\/p>\n<p>&nbsp;<\/p>\n<p><b>2. Tratamientos<\/b><\/p>\n<p>Cintoi bus\u00a0\u00fanicamente trata los datos de car\u00e1cter personal que a continuaci\u00f3n se indican:<\/p>\n<p><b>Datos Recogidos a trav\u00e9s de la p\u00e1gina web<\/b><\/p>\n<p><strong>Finalidad:<\/strong><span>\u00a0<\/span>Contestar las solicitudes de informaci\u00f3n y contacto remitidas a trav\u00e9s de los correos electr\u00f3nicos y formularios de contacto de la p\u00e1gina web.<br \/>\n<strong>Conservaci\u00f3n:<\/strong><span>\u00a0<\/span>Los datos personales del interesado no se almacenan en base de datos, s\u00f3lo se env\u00edan por correo con el proveedor de correo:<span>\u00a0<\/span><a href=\"http:\/\/www.servatica.com\/\" rel=\"nofollow noopener\" target=\"_blank\">Servatica Internet Technologies.<\/a><span>\u00a0<\/span>Las categor\u00edas de datos que se tratan son las siguientes:<\/p>\n<ul>\n<li>Datos identificativos.<\/li>\n<li>Datos de contacto.<\/li>\n<\/ul>\n<p>No se tratan datos especialmente protegidos.<\/p>\n<p>&nbsp;<\/p>\n<p><b>3. Derechos del Interesado<\/b><\/p>\n<ul>\n<li>Tiene derecho a obtener confirmaci\u00f3n sobre si estamos tratando datos personales que le conciernan.<\/li>\n<li>Las personas interesadas tienen derecho a acceder a sus datos personales, as\u00ed como a solicitar la rectificaci\u00f3n de los datos inexactos o en su caso, solicitar su supresi\u00f3n cuando entre otros motivos, los datos ya no sean necesarios para los fines que fueron recogidos.<\/li>\n<li>En determinadas circunstancias, los interesados podr\u00e1n solicitar la limitaci\u00f3n del tratamiento de sus datos, en cuyo caso \u00fanicamente los conservaremos para el ejercicio o defensa de reclamaciones.<\/li>\n<li>En determinadas circunstancias y por motivos relacionados con su situaci\u00f3n particular, los interesados podr\u00e1n oponerse al tratamiento de sus datos. En estos supuestos no se tratar\u00e1n sus datos salvo por motivos leg\u00edtimos o el ejercicio o defensa de posibles reclamaciones.<\/li>\n<li>En determinadas circunstancias, tendr\u00e1 derecho a recibir los datos personales que le incumban en un formato estructurado de uso com\u00fan y lectura mec\u00e1nica.<\/li>\n<\/ul>\n<p>Puede ejercer sus derechos a trav\u00e9s de los medios de contacto indicados en esta pol\u00edtica (Direcci\u00f3n de email o personalmente en nuestras instalaciones), as\u00ed como obtener m\u00e1s informaci\u00f3n sobre sus derechos y acceder a modelos para su ejercicio en la siguiente direcci\u00f3n web:<\/p>\n<p><a href=\"http:\/\/www.agpd.es\/portalwebAGPD\/CanalDelCiudadano\/derechos\/index-ides-idphp.php\" target=\"_blank\" rel=\"noopener\"><strong>http:\/\/www.agpd.es\/portalwebAGPD\/CanalDelCiudadano\/derechos\/index-ides-idphp.php<\/strong><\/a><\/p>\n<p>As\u00ed mismo, le informamos de su derecho a presentar una reclamaci\u00f3n ante la Agencia Espa\u00f1ola de Protecci\u00f3n de Datos si la petici\u00f3n de ejercicio de alg\u00fan derecho no ha sido satisfecha correctamente o si por cualquier otro motivo considera que sus datos personales no est\u00e1n siendo tratados correctamente. Para ello, podr\u00e1 dirigirse a la siguiente direcci\u00f3n web:<\/p>\n<p><strong><a href=\"https:\/\/sedeagpd.gob.es\/sede-electronica-web\/vistas\/formSpam\/spamDenuncia.jsf;jsessionid=3FC268F548C59FFD4F289FCC645855EA\" target=\"_blank\" rel=\"noopener\">https:\/\/sedeagpd.gob.es\/sede-electronica-web\/vistas\/formSpam\/spamDenuncia.jsf;jsessionid=3FC268F548C59FFD4F289FCC645855EA<\/a><\/strong><\/p>\n<p>&nbsp;<\/p>\n<p><b>5. Versi\u00f3n<\/b><\/p>\n<p>Esta pol\u00edtica de privacidad es de fecha 23\/05\/2018 y cualquier modificaci\u00f3n de sus t\u00e9rminos ser\u00e1 publicada en esta p\u00e1gina web.[\/et_pb_text][\/et_pb_column][\/et_pb_row][\/et_pb_section]<\/p>\n","protected":false},"excerpt":{"rendered":"<p>1. Responsable del Tratamiento Responsable del Tratamiento:\u00a0Cintoi bus, S.L. Direcci\u00f3n Postal:\u00a0C\/Pagesia S\/N, 08812 Sant Pere de Ribes (Barcelona) Tel\u00e9fono:\u00a093\u00a0893 70 60 Email:\u00a0info@busgarraf.cat &nbsp; 2. Tratamientos Cintoi bus\u00a0\u00fanicamente trata los datos de car\u00e1cter personal que a continuaci\u00f3n se indican: Datos Recogidos a trav\u00e9s de la p\u00e1gina web Finalidad:\u00a0Contestar las solicitudes de informaci\u00f3n y contacto remitidas a [&hellip;]<\/p>\n","protected":false},"author":1,"featured_media":0,"parent":0,"menu_order":0,"comment_status":"closed","ping_status":"closed","template":"","meta":{"_et_pb_use_builder":"on","_et_pb_old_content":"","_et_gb_content_width":"","footnotes":""},"_links":{"self":[{"href":"https:\/\/busgarraf.cat\/es\/wp-json\/wp\/v2\/pages\/2414"}],"collection":[{"href":"https:\/\/busgarraf.cat\/es\/wp-json\/wp\/v2\/pages"}],"about":[{"href":"https:\/\/busgarraf.cat\/es\/wp-json\/wp\/v2\/types\/page"}],"author":[{"embeddable":true,"href":"https:\/\/busgarraf.cat\/es\/wp-json\/wp\/v2\/users\/1"}],"replies":[{"embeddable":true,"href":"https:\/\/busgarraf.cat\/es\/wp-json\/wp\/v2\/comments?post=2414"}],"version-history":[{"count":4,"href":"https:\/\/busgarraf.cat\/es\/wp-json\/wp\/v2\/pages\/2414\/revisions"}],"predecessor-version":[{"id":2418,"href":"https:\/\/busgarraf.cat\/es\/wp-json\/wp\/v2\/pages\/2414\/revisions\/2418"}],"wp:attachment":[{"href":"https:\/\/busgarraf.cat\/es\/wp-json\/wp\/v2\/media?parent=2414"}],"curies":[{"name":"wp","href":"https:\/\/api.w.org\/{rel}","templated":true}]}}