{"id":373,"date":"2022-01-31T09:51:33","date_gmt":"2022-01-31T09:51:33","guid":{"rendered":"https:\/\/busgarraf.cat\/?page_id=373"},"modified":"2023-05-12T09:57:47","modified_gmt":"2023-05-12T09:57:47","slug":"historia","status":"publish","type":"page","link":"https:\/\/busgarraf.cat\/es\/historia\/","title":{"rendered":"Historia"},"content":{"rendered":"<p>[et_pb_section fb_built=\u00bb1&#8243; module_class=\u00bbhistoria_header_container\u00bb _builder_version=\u00bb4.16&#8243; _module_preset=\u00bbdefault\u00bb custom_margin=\u00bb0px|0px||0px|false|true\u00bb custom_padding=\u00bb0px|0px|0px|0px|true|true\u00bb global_colors_info=\u00bb{}\u00bb][et_pb_row _builder_version=\u00bb4.16&#8243; _module_preset=\u00bbdefault\u00bb width=\u00bb100%\u00bb max_width=\u00bb100%\u00bb module_alignment=\u00bbcenter\u00bb custom_margin=\u00bb0px|0px|0px|0px|true|true\u00bb custom_padding=\u00bb0px|0px|0px|0px|true|true\u00bb global_colors_info=\u00bb{}\u00bb][et_pb_column type=\u00bb4_4&#8243; _builder_version=\u00bb4.16&#8243; _module_preset=\u00bbdefault\u00bb global_colors_info=\u00bb{}\u00bb][et_pb_image src=\u00bbhttps:\/\/busgarraf.cat\/wp-content\/uploads\/2022\/02\/Sin-titulo-5.png\u00bb title_text=\u00bbSin t\u00edtulo-5&#8243; force_fullwidth=\u00bbon\u00bb module_class=\u00bbhistoria_header_image\u00bb _builder_version=\u00bb4.16&#8243; _module_preset=\u00bbdefault\u00bb global_colors_info=\u00bb{}\u00bb][\/et_pb_image][\/et_pb_column][\/et_pb_row][et_pb_row module_class=\u00bbheader_title\u00bb _builder_version=\u00bb4.16&#8243; _module_preset=\u00bbdefault\u00bb width=\u00bb90%\u00bb max_width=\u00bb1300px\u00bb module_alignment=\u00bbcenter\u00bb custom_margin=\u00bb0px|0px|0px|0px|true|true\u00bb custom_padding=\u00bb0px|0px|0px|0px|true|true\u00bb global_colors_info=\u00bb{}\u00bb][et_pb_column type=\u00bb4_4&#8243; _builder_version=\u00bb4.16&#8243; _module_preset=\u00bbdefault\u00bb global_colors_info=\u00bb{}\u00bb][et_pb_text _builder_version=\u00bb4.16&#8243; _dynamic_attributes=\u00bbcontent\u00bb _module_preset=\u00bbdefault\u00bb text_font=\u00bbSegoe UI Bold||||||||\u00bb text_text_color=\u00bb#FFFFFF\u00bb text_font_size=\u00bb42px\u00bb header_font=\u00bbSegoe UI Bold||||||||\u00bb header_text_color=\u00bb#FFFFFF\u00bb header_font_size=\u00bb42px\u00bb custom_margin=\u00bb0px|0px|0px|0px|true|true\u00bb custom_padding=\u00bb0px|0px|20px|0px|false|true\u00bb text_font_size_tablet=\u00bb40px\u00bb text_font_size_phone=\u00bb38px\u00bb text_font_size_last_edited=\u00bbon|phone\u00bb header_font_size_tablet=\u00bb40px\u00bb header_font_size_phone=\u00bb38px\u00bb header_font_size_last_edited=\u00bbon|phone\u00bb border_width_bottom=\u00bb3px\u00bb border_color_bottom=\u00bb#FFFFFF\u00bb global_colors_info=\u00bb{}\u00bb]@ET-DC@eyJkeW5hbWljIjp0cnVlLCJjb250ZW50IjoicG9zdF90aXRsZSIsInNldHRpbmdzIjp7ImJlZm9yZSI6IiIsImFmdGVyIjoiIn19@[\/et_pb_text][\/et_pb_column][\/et_pb_row][et_pb_row module_class=\u00bbheader_filtro_negro\u00bb _builder_version=\u00bb4.16&#8243; _module_preset=\u00bbdefault\u00bb background_color=\u00bbrgba(0,0,0,0.25)\u00bb width=\u00bb100%\u00bb max_width=\u00bb100%\u00bb module_alignment=\u00bbcenter\u00bb custom_margin=\u00bb0px|0px|0px|0px|true|true\u00bb custom_padding=\u00bb0px|0px|0px|0px|true|true\u00bb global_colors_info=\u00bb{}\u00bb][et_pb_column type=\u00bb4_4&#8243; _builder_version=\u00bb4.16&#8243; _module_preset=\u00bbdefault\u00bb global_colors_info=\u00bb{}\u00bb][\/et_pb_column][\/et_pb_row][\/et_pb_section][et_pb_section fb_built=\u00bb1&#8243; custom_padding_last_edited=\u00bbon|phone\u00bb module_class=\u00bbhistoria_text_section\u00bb _builder_version=\u00bb4.17.6&#8243; _module_preset=\u00bbdefault\u00bb background_color=\u00bbgcid-a2e4858b-1e9e-4582-9e6c-a2c80a211cc4&#8243; custom_margin=\u00bb0px|0px|0px|0px|true|true\u00bb custom_padding=\u00bb50px|5.2%|50px|5.2%|false|true\u00bb custom_padding_tablet=\u00bb50px|5.2%|50px|5.2%|false|true\u00bb custom_padding_phone=\u00bb||0px||false|true\u00bb global_colors_info=\u00bb{%22gcid-a2e4858b-1e9e-4582-9e6c-a2c80a211cc4%22:%91%22background_color%22%93}\u00bb][et_pb_row _builder_version=\u00bb4.16&#8243; _module_preset=\u00bbdefault\u00bb width=\u00bb100%\u00bb max_width=\u00bb1300px\u00bb module_alignment=\u00bbcenter\u00bb custom_margin=\u00bb0px|0px|0px|0px|true|true\u00bb custom_padding=\u00bb0px|0px|0px|0px|true|true\u00bb global_colors_info=\u00bb{}\u00bb][et_pb_column type=\u00bb4_4&#8243; _builder_version=\u00bb4.16&#8243; _module_preset=\u00bbdefault\u00bb global_colors_info=\u00bb{}\u00bb][et_pb_text _builder_version=\u00bb4.17.6&#8243; _module_preset=\u00bbdefault\u00bb text_font=\u00bbSegoe UI Regular||||||||\u00bb text_text_color=\u00bbgcid-68ddd611-b841-4d7a-9c9d-95db71454a37&#8243; text_font_size=\u00bb18px\u00bb custom_margin=\u00bb0px|0px|25px|0px|false|true\u00bb custom_padding=\u00bb0px|0px|0px|0px|true|true\u00bb text_font_size_tablet=\u00bb18px\u00bb text_font_size_phone=\u00bb16px\u00bb text_font_size_last_edited=\u00bbon|phone\u00bb global_colors_info=\u00bb{%22gcid-68ddd611-b841-4d7a-9c9d-95db71454a37%22:%91%22text_text_color%22%93}\u00bb]Fundada a inicios del siglo XX, dedic\u00e1ndose al transporte del correo y a viajes desde Pont de Armentera a Valls.[\/et_pb_text][et_pb_text _builder_version=\u00bb4.17.6&#8243; _module_preset=\u00bbdefault\u00bb text_font=\u00bbSegoe UI Regular||||||||\u00bb text_text_color=\u00bbgcid-68ddd611-b841-4d7a-9c9d-95db71454a37&#8243; text_font_size=\u00bb18px\u00bb header_font=\u00bbSegoe UI Bold||||||||\u00bb header_font_size=\u00bb32px\u00bb header_2_font=\u00bbSegoe UI Bold||||||||\u00bb header_2_text_color=\u00bbgcid-87e14241-bd38-4642-9283-ed1906440911&#8243; header_2_font_size=\u00bb32px\u00bb custom_margin=\u00bb0px|0px|0px|0px|true|true\u00bb custom_padding=\u00bb0px|0px|0px|0px|true|true\u00bb text_font_size_tablet=\u00bb18px\u00bb text_font_size_phone=\u00bb16px\u00bb text_font_size_last_edited=\u00bbon|desktop\u00bb header_font_size_tablet=\u00bb30px\u00bb header_font_size_phone=\u00bb28px\u00bb header_font_size_last_edited=\u00bbon|phone\u00bb header_2_font_size_tablet=\u00bb30px\u00bb header_2_font_size_phone=\u00bb28px\u00bb header_2_font_size_last_edited=\u00bbon|desktop\u00bb global_colors_info=\u00bb{%22gcid-68ddd611-b841-4d7a-9c9d-95db71454a37%22:%91%22text_text_color%22%93,%22gcid-87e14241-bd38-4642-9283-ed1906440911%22:%91%22header_2_text_color%22%93}\u00bb]<\/p>\n<h2>23 de junio de 1921<\/h2>\n<p>Obtuvo la autorizaci\u00f3n para establecer un servicio p\u00fablico de viajeros entre Pont de Armentera y Valls (de ida y vuelta).<\/p>\n<p>El trayecto ten\u00eda paradas no fijas a Santes Creus, Vila-rodona y Ali\u00f3 y quedaron establecidas las siguientes tarifas: Pont de Armentera \u2013 Valls 2.50 pesetas; Santes Creus \u2013 Valls 2 pesetas; Vila-rodona \u2013 Valls 1.5 pesetas; Ali\u00f3 \u2013 Valls 0.75 pesetas; Santes Creus \u2013 Valls 2 pesetas.<\/p>\n<p>El veh\u00edculo con el cual se inici\u00f3 la prestaci\u00f3n de esta l\u00ednea era uno auto\u00f2mnibus marca SCAT, con n\u00famero de matr\u00edcula T-299 capacidad para 20 personas y con una velocidad m\u00e1xima de 12 km\/Hora.<\/p>\n<p>Durante estos a\u00f1os la empresa era conocida como la Hispano Pontorrina.<\/p>\n<p>[\/et_pb_text][\/et_pb_column][\/et_pb_row][et_pb_row column_structure=\u00bb1_2,1_2&#8243; module_class=\u00bbhistoria_two_columns_row text_left\u00bb _builder_version=\u00bb4.16&#8243; _module_preset=\u00bbdefault\u00bb width=\u00bb100%\u00bb max_width=\u00bb1300px\u00bb module_alignment=\u00bbcenter\u00bb custom_margin=\u00bb45px|0px|0px|0px|false|true\u00bb custom_padding=\u00bb0px|0px|0px|0px|true|true\u00bb global_colors_info=\u00bb{}\u00bb][et_pb_column type=\u00bb1_2&#8243; _builder_version=\u00bb4.16&#8243; _module_preset=\u00bbdefault\u00bb global_colors_info=\u00bb{}\u00bb][et_pb_text module_class=\u00bbhistoria_column_left\u00bb _builder_version=\u00bb4.16&#8243; _module_preset=\u00bbdefault\u00bb text_font=\u00bbSegoe UI Regular||||||||\u00bb text_text_color=\u00bbgcid-68ddd611-b841-4d7a-9c9d-95db71454a37&#8243; text_font_size=\u00bb18px\u00bb header_font=\u00bbSegoe UI Bold||||||||\u00bb header_font_size=\u00bb32px\u00bb header_2_font=\u00bbSegoe UI Bold||||||||\u00bb header_2_text_color=\u00bbgcid-87e14241-bd38-4642-9283-ed1906440911&#8243; header_2_font_size=\u00bb32px\u00bb custom_margin=\u00bb0px|0px|0px|0px|true|true\u00bb custom_padding=\u00bb0px|0px|0px|0px|true|true\u00bb text_font_size_tablet=\u00bb18px\u00bb text_font_size_phone=\u00bb16px\u00bb text_font_size_last_edited=\u00bbon|desktop\u00bb header_font_size_tablet=\u00bb30px\u00bb header_font_size_phone=\u00bb28px\u00bb header_font_size_last_edited=\u00bbon|phone\u00bb header_2_font_size_tablet=\u00bb30px\u00bb header_2_font_size_phone=\u00bb28px\u00bb header_2_font_size_last_edited=\u00bbon|desktop\u00bb global_colors_info=\u00bb{%22gcid-68ddd611-b841-4d7a-9c9d-95db71454a37%22:%91%22text_text_color%22,%22text_text_color%22%93,%22gcid-87e14241-bd38-4642-9283-ed1906440911%22:%91%22header_2_text_color%22,%22header_2_text_color%22%93}\u00bb]<\/p>\n<h2>Principios de los a\u00f1os 70<\/h2>\n<p>La empresa adquiri\u00f3 nuevas l\u00edneas de transporte regular, como Querol \u2013 Valls, Pont de Armentera \u2013 Tarragona, Pont de Armentera \u2013 Calafell, El Vendrell \u2013 Vilanova i la Geltr\u00fa, Sant Pere de Ribes \u2013 Vilanova i la Geltr\u00fa y Vilanova i la Geltr\u00fa \u2013 Vilafranca del Pened\u00e8s con hijuela entre Canyelles y Vilanova i la Geltr\u00fa.<\/p>\n<p>En estos a\u00f1os, la empresa cambi\u00f3 la denominaci\u00f3n a Transportes Monasterio, teniendo una fuerte implicaci\u00f3n en el transporte p\u00fablico de la comarca.<\/p>\n<p>A finales de los a\u00f1os 70, se adquirieron las l\u00edneas de Sant Pere de Ribes \u2013 Sitges y la l\u00ednea de Barrio de Vilanoveta (Sant Pere de Ribes) \u2013 Vilanova i la Geltr\u00fa.<\/p>\n<p>[\/et_pb_text][\/et_pb_column][et_pb_column type=\u00bb1_2&#8243; _builder_version=\u00bb4.16&#8243; _module_preset=\u00bbdefault\u00bb global_colors_info=\u00bb{}\u00bb][et_pb_image src=\u00bbhttps:\/\/busgarraf.cat\/wp-content\/uploads\/2022\/05\/Interior-Bus.png\u00bb title_text=\u00bbInterior Bus\u00bb _builder_version=\u00bb4.16&#8243; _module_preset=\u00bbdefault\u00bb custom_margin=\u00bb0px|0px|0px|0px|true|true\u00bb custom_padding=\u00bb0px|0px|0px|0px|true|true\u00bb global_colors_info=\u00bb{}\u00bb][\/et_pb_image][\/et_pb_column][\/et_pb_row][et_pb_row column_structure=\u00bb1_2,1_2&#8243; module_class=\u00bbhistoria_two_columns_row text_right\u00bb _builder_version=\u00bb4.16&#8243; _module_preset=\u00bbdefault\u00bb width=\u00bb100%\u00bb max_width=\u00bb1300px\u00bb module_alignment=\u00bbcenter\u00bb custom_margin=\u00bb|0px|0px|0px|false|true\u00bb custom_padding=\u00bb0px|0px|0px|0px|true|true\u00bb global_colors_info=\u00bb{}\u00bb][et_pb_column type=\u00bb1_2&#8243; _builder_version=\u00bb4.16&#8243; _module_preset=\u00bbdefault\u00bb global_colors_info=\u00bb{}\u00bb][et_pb_image src=\u00bbhttps:\/\/busgarraf.cat\/wp-content\/uploads\/2022\/05\/FOTO-HISTORIA-BUSGARRAF.png\u00bb title_text=\u00bbFOTO HISTORIA BUSGARRAF\u00bb module_class=\u00bbhistoria_column_left\u00bb _builder_version=\u00bb4.16&#8243; _module_preset=\u00bbdefault\u00bb custom_margin=\u00bb0px|0px|0px|0px|true|true\u00bb custom_padding=\u00bb0px|0px|0px|0px|true|true\u00bb global_colors_info=\u00bb{}\u00bb][\/et_pb_image][\/et_pb_column][et_pb_column type=\u00bb1_2&#8243; _builder_version=\u00bb4.16&#8243; _module_preset=\u00bbdefault\u00bb global_colors_info=\u00bb{}\u00bb][et_pb_text _builder_version=\u00bb4.16&#8243; _module_preset=\u00bbdefault\u00bb text_font=\u00bbSegoe UI Regular||||||||\u00bb text_text_color=\u00bbgcid-68ddd611-b841-4d7a-9c9d-95db71454a37&#8243; text_font_size=\u00bb18px\u00bb header_font=\u00bbSegoe UI Bold||||||||\u00bb header_font_size=\u00bb32px\u00bb header_2_font=\u00bbSegoe UI Bold||||||||\u00bb header_2_text_color=\u00bbgcid-87e14241-bd38-4642-9283-ed1906440911&#8243; header_2_font_size=\u00bb32px\u00bb custom_margin=\u00bb0px|0px|0px|0px|true|true\u00bb custom_padding=\u00bb0px|0px|0px|0px|true|true\u00bb text_font_size_tablet=\u00bb18px\u00bb text_font_size_phone=\u00bb16px\u00bb text_font_size_last_edited=\u00bbon|desktop\u00bb header_font_size_tablet=\u00bb30px\u00bb header_font_size_phone=\u00bb28px\u00bb header_font_size_last_edited=\u00bbon|phone\u00bb header_2_font_size_tablet=\u00bb30px\u00bb header_2_font_size_phone=\u00bb28px\u00bb header_2_font_size_last_edited=\u00bbon|desktop\u00bb global_colors_info=\u00bb{%22gcid-68ddd611-b841-4d7a-9c9d-95db71454a37%22:%91%22text_text_color%22,%22text_text_color%22%93,%22gcid-87e14241-bd38-4642-9283-ed1906440911%22:%91%22header_2_text_color%22,%22header_2_text_color%22%93}\u00bb]<\/p>\n<h2>Principio de los a\u00f1os 90<\/h2>\n<p>Se adquirieron las l\u00edneas de Las Roquetes \u2013 Sitges y de Barcelona y Sitges con hijuela por la autopista A-16 y prolongaci\u00f3n hasta Vilanova i la Geltr\u00fa, dando servicio a la Costa del Garraf hacia Barcelona y el aeropuerto.<\/p>\n<p>[\/et_pb_text][\/et_pb_column][\/et_pb_row][et_pb_row column_structure=\u00bb1_2,1_2&#8243; module_class=\u00bbhistoria_two_columns_row text_left\u00bb _builder_version=\u00bb4.16&#8243; _module_preset=\u00bbdefault\u00bb width=\u00bb100%\u00bb max_width=\u00bb1300px\u00bb module_alignment=\u00bbcenter\u00bb custom_margin=\u00bb|0px|0px|0px|false|true\u00bb custom_padding=\u00bb0px|0px|0px|0px|true|true\u00bb global_colors_info=\u00bb{}\u00bb][et_pb_column type=\u00bb1_2&#8243; _builder_version=\u00bb4.16&#8243; _module_preset=\u00bbdefault\u00bb global_colors_info=\u00bb{}\u00bb][et_pb_text module_class=\u00bbhistoria_column_left\u00bb _builder_version=\u00bb4.16&#8243; _module_preset=\u00bbdefault\u00bb text_font=\u00bbSegoe UI Regular||||||||\u00bb text_text_color=\u00bbgcid-68ddd611-b841-4d7a-9c9d-95db71454a37&#8243; text_font_size=\u00bb18px\u00bb header_font=\u00bbSegoe UI Bold||||||||\u00bb header_font_size=\u00bb32px\u00bb header_2_font=\u00bbSegoe UI Bold||||||||\u00bb header_2_text_color=\u00bbgcid-87e14241-bd38-4642-9283-ed1906440911&#8243; header_2_font_size=\u00bb32px\u00bb custom_margin=\u00bb0px|0px|0px|0px|true|true\u00bb custom_padding=\u00bb0px|0px|0px|0px|true|true\u00bb text_font_size_tablet=\u00bb18px\u00bb text_font_size_phone=\u00bb16px\u00bb text_font_size_last_edited=\u00bbon|desktop\u00bb header_font_size_tablet=\u00bb30px\u00bb header_font_size_phone=\u00bb28px\u00bb header_font_size_last_edited=\u00bbon|phone\u00bb header_2_font_size_tablet=\u00bb30px\u00bb header_2_font_size_phone=\u00bb28px\u00bb header_2_font_size_last_edited=\u00bbon|desktop\u00bb global_colors_info=\u00bb{%22gcid-68ddd611-b841-4d7a-9c9d-95db71454a37%22:%91%22text_text_color%22,%22text_text_color%22%93,%22gcid-87e14241-bd38-4642-9283-ed1906440911%22:%91%22header_2_text_color%22,%22header_2_text_color%22%93}\u00bb]<\/p>\n<h2>A\u00f1o 2008<\/h2>\n<p>La empresa consigui\u00f3 las certificaciones ISO 9001 (Calidad) y 14001 (Medio ambiente) por su actividad de transportes de viajeros por carretera.<\/p>\n<p>Dos a\u00f1os m\u00e1s tarde, tambi\u00e9n se consigui\u00f3 la certificaci\u00f3n en la norma UNE-EN-13816, norma espec\u00edfica por la actividad de transporte de viajeros.<\/p>\n<p>Normas de certificaci\u00f3n, todas ellas, que han sido renovadas en el 2020.<\/p>\n<p>[\/et_pb_text][\/et_pb_column][et_pb_column type=\u00bb1_2&#8243; _builder_version=\u00bb4.16&#8243; _module_preset=\u00bbdefault\u00bb global_colors_info=\u00bb{}\u00bb][et_pb_image src=\u00bbhttps:\/\/busgarraf.cat\/wp-content\/uploads\/2022\/05\/Brand-Spain-14001-Enac.png\u00bb title_text=\u00bbBrand Spain 14001 Enac\u00bb _builder_version=\u00bb4.16&#8243; _module_preset=\u00bbdefault\u00bb custom_margin=\u00bb0px|0px|0px|0px|true|true\u00bb custom_padding=\u00bb0px|0px|0px|0px|true|true\u00bb global_colors_info=\u00bb{}\u00bb][\/et_pb_image][\/et_pb_column][\/et_pb_row][et_pb_row column_structure=\u00bb1_2,1_2&#8243; module_class=\u00bbhistoria_two_columns_row text_right\u00bb _builder_version=\u00bb4.16&#8243; _module_preset=\u00bbdefault\u00bb width=\u00bb100%\u00bb max_width=\u00bb1300px\u00bb module_alignment=\u00bbcenter\u00bb custom_margin=\u00bb|0px|0px|0px|false|true\u00bb custom_padding=\u00bb0px|0px|0px|0px|true|true\u00bb global_colors_info=\u00bb{}\u00bb][et_pb_column type=\u00bb1_2&#8243; _builder_version=\u00bb4.16&#8243; _module_preset=\u00bbdefault\u00bb global_colors_info=\u00bb{}\u00bb][et_pb_image src=\u00bbhttps:\/\/busgarraf.cat\/wp-content\/uploads\/2022\/05\/BusGarraf-Historia-scaled.jpeg\u00bb title_text=\u00bbWoman with little daughter sitting in bus\u00bb module_class=\u00bbhistoria_column_left\u00bb _builder_version=\u00bb4.16&#8243; _module_preset=\u00bbdefault\u00bb custom_margin=\u00bb0px|0px|0px|0px|true|true\u00bb custom_padding=\u00bb0px|0px|0px|0px|true|true\u00bb global_colors_info=\u00bb{}\u00bb][\/et_pb_image][\/et_pb_column][et_pb_column type=\u00bb1_2&#8243; _builder_version=\u00bb4.16&#8243; _module_preset=\u00bbdefault\u00bb global_colors_info=\u00bb{}\u00bb][et_pb_text module_class=\u00bblista\u00bb _builder_version=\u00bb4.16&#8243; _module_preset=\u00bbdefault\u00bb text_font=\u00bbSegoe UI Regular||||||||\u00bb text_text_color=\u00bbgcid-68ddd611-b841-4d7a-9c9d-95db71454a37&#8243; text_font_size=\u00bb18px\u00bb header_font=\u00bbSegoe UI Bold||||||||\u00bb header_font_size=\u00bb32px\u00bb header_2_font=\u00bbSegoe UI Bold||||||||\u00bb header_2_text_color=\u00bbgcid-87e14241-bd38-4642-9283-ed1906440911&#8243; header_2_font_size=\u00bb32px\u00bb custom_margin=\u00bb0px|0px|0px|0px|true|true\u00bb custom_padding=\u00bb0px|0px|0px|0px|true|true\u00bb text_font_size_tablet=\u00bb18px\u00bb text_font_size_phone=\u00bb16px\u00bb text_font_size_last_edited=\u00bbon|desktop\u00bb header_font_size_tablet=\u00bb30px\u00bb header_font_size_phone=\u00bb28px\u00bb header_font_size_last_edited=\u00bbon|phone\u00bb header_2_font_size_tablet=\u00bb30px\u00bb header_2_font_size_phone=\u00bb28px\u00bb header_2_font_size_last_edited=\u00bbon|desktop\u00bb global_colors_info=\u00bb{%22gcid-68ddd611-b841-4d7a-9c9d-95db71454a37%22:%91%22text_text_color%22,%22text_text_color%22%93,%22gcid-87e14241-bd38-4642-9283-ed1906440911%22:%91%22header_2_text_color%22,%22header_2_text_color%22%93}\u00bb]<\/p>\n<h2>Verano del 2019<\/h2>\n<p>La empresa traslada su Base del <span>C\/ de la Pagesia<\/span> en Sant Pere de Ribes, a una de nueva situada en el <span>Pol\u00edgon Masia d\u2019en Notari <\/span>en Vilanova i la Geltr\u00fa. Esta nueva base permite tener un espacio mucho m\u00e1s de acuerdo con las necesidades operativas de la compa\u00f1\u00eda.<\/p>\n<p>Actualmente opera las l\u00edneas que conectan:<\/p>\n<ul>\n<li>E14 Sant Pere de Ribes- Barcelona<\/li>\n<li>E15.1 Vilanova i la Geltr\u00fa \u2013Barcelona<\/li>\n<li>E15.2 Vilanova-Barcelona<\/li>\n<li>E16 Sitges-Barcelona<\/li>\n<li>Vilanova i la Geltr\u00fa-Roquetes-Sitges-Aeropuerto de Barcelona-Bellvitge<\/li>\n<li>Cubelles-Santa Maria-Vilanova i la Geltr\u00fa<\/li>\n<li>Camils-Cunit<\/li>\n<li>Nocturno Barcelona-Vilanova i la Geltr\u00fa-Vilafranca del Pened\u00e8s<\/li>\n<li>Vilanova i la Geltr\u00fa- El Vendrell.<\/li>\n<li>Vilanova i la Geltr\u00fa-Tarragona.<\/li>\n<li>Valls-Calafell.<\/li>\n<\/ul>\n<p>[\/et_pb_text][\/et_pb_column][\/et_pb_row][et_pb_row column_structure=\u00bb1_2,1_2&#8243; module_class=\u00bbhistoria_two_columns_row text_left\u00bb _builder_version=\u00bb4.16&#8243; _module_preset=\u00bbdefault\u00bb width=\u00bb100%\u00bb max_width=\u00bb1300px\u00bb module_alignment=\u00bbcenter\u00bb custom_margin=\u00bb|0px|0px|0px|false|true\u00bb custom_padding=\u00bb0px|0px|0px|0px|true|true\u00bb global_colors_info=\u00bb{}\u00bb][et_pb_column type=\u00bb1_2&#8243; _builder_version=\u00bb4.16&#8243; _module_preset=\u00bbdefault\u00bb global_colors_info=\u00bb{}\u00bb][et_pb_text module_class=\u00bbhistoria_column_left\u00bb _builder_version=\u00bb4.20.4&#8243; _module_preset=\u00bbdefault\u00bb text_font=\u00bbSegoe UI Regular||||||||\u00bb text_text_color=\u00bbgcid-68ddd611-b841-4d7a-9c9d-95db71454a37&#8243; text_font_size=\u00bb18px\u00bb header_font=\u00bbSegoe UI Bold||||||||\u00bb header_font_size=\u00bb32px\u00bb header_2_font=\u00bbSegoe UI Bold||||||||\u00bb header_2_text_color=\u00bbgcid-87e14241-bd38-4642-9283-ed1906440911&#8243; header_2_font_size=\u00bb32px\u00bb custom_margin=\u00bb0px|0px|0px|0px|true|true\u00bb custom_padding=\u00bb0px|0px|0px|0px|true|true\u00bb hover_enabled=\u00bb0&#8243; text_font_size_tablet=\u00bb18px\u00bb text_font_size_phone=\u00bb16px\u00bb text_font_size_last_edited=\u00bbon|desktop\u00bb header_font_size_tablet=\u00bb30px\u00bb header_font_size_phone=\u00bb28px\u00bb header_font_size_last_edited=\u00bbon|phone\u00bb header_2_font_size_tablet=\u00bb30px\u00bb header_2_font_size_phone=\u00bb28px\u00bb header_2_font_size_last_edited=\u00bbon|desktop\u00bb global_colors_info=\u00bb{%22gcid-68ddd611-b841-4d7a-9c9d-95db71454a37%22:%91%22text_text_color%22,%22text_text_color%22%93,%22gcid-87e14241-bd38-4642-9283-ed1906440911%22:%91%22header_2_text_color%22,%22header_2_text_color%22%93}\u00bb sticky_enabled=\u00bb0&#8243;]<\/p>\n<h2>Noviembre de 2019<\/h2>\n<p>La empresa cambia de accionistas, y se incorpora a Grup Plana.<\/p>\n<p>Para la realizaci\u00f3n de estas l\u00edneas, la empresa cuenta con una plantilla de profesionales cualificados y una flota moderna<\/p>\n<p>Nuestra misi\u00f3n es crear valor a largo plazo para la sociedad y la empresa, a trav\u00e9s de los servicios de movilidad segura, eficiente y de calidad siendo respetuosos con el medio ambiente y seguros en todos los \u00e1mbitos.<\/p>\n<p>La visi\u00f3n de la compa\u00f1\u00eda es ser una organizaci\u00f3n referente y l\u00edder en el sector.<\/p>\n<p>Queremos ofrecer el mejor y m\u00e1s seguro servicio posible para satisfacer las necesidades y expectativas de los usuarios y conseguir y mantener su fidelidad.<\/p>\n<p>Atendiendo al compromiso con el territorio, el noviembre de 2020, la denominaci\u00f3n comercial pasa a ser BusGarraf.<\/p>\n<p>[\/et_pb_text][\/et_pb_column][et_pb_column type=\u00bb1_2&#8243; _builder_version=\u00bb4.16&#8243; _module_preset=\u00bbdefault\u00bb global_colors_info=\u00bb{}\u00bb][et_pb_image src=\u00bbhttps:\/\/busgarraf.cat\/wp-content\/uploads\/2022\/05\/Autobuses-sin-reflejos-scaled.jpg\u00bb title_text=\u00bbAutobuses (sin reflejos)\u00bb _builder_version=\u00bb4.16&#8243; _module_preset=\u00bbdefault\u00bb custom_margin=\u00bb0px|0px|0px|0px|true|true\u00bb custom_padding=\u00bb0px|0px|0px|0px|true|true\u00bb global_colors_info=\u00bb{}\u00bb][\/et_pb_image][\/et_pb_column][\/et_pb_row][\/et_pb_section]<\/p>\n","protected":false},"excerpt":{"rendered":"<p>Fundada a inicios del siglo XX, dedic\u00e1ndose al transporte del correo y a viajes desde Pont de Armentera a Valls.23 de junio de 1921 Obtuvo la autorizaci\u00f3n para establecer un servicio p\u00fablico de viajeros entre Pont de Armentera y Valls (de ida y vuelta). El trayecto ten\u00eda paradas no fijas a Santes Creus, Vila-rodona y [&hellip;]<\/p>\n","protected":false},"author":1,"featured_media":0,"parent":0,"menu_order":0,"comment_status":"closed","ping_status":"closed","template":"","meta":{"_et_pb_use_builder":"on","_et_pb_old_content":"<!-- wp:divi\/placeholder \/-->","_et_gb_content_width":"","footnotes":""},"_links":{"self":[{"href":"https:\/\/busgarraf.cat\/es\/wp-json\/wp\/v2\/pages\/373"}],"collection":[{"href":"https:\/\/busgarraf.cat\/es\/wp-json\/wp\/v2\/pages"}],"about":[{"href":"https:\/\/busgarraf.cat\/es\/wp-json\/wp\/v2\/types\/page"}],"author":[{"embeddable":true,"href":"https:\/\/busgarraf.cat\/es\/wp-json\/wp\/v2\/users\/1"}],"replies":[{"embeddable":true,"href":"https:\/\/busgarraf.cat\/es\/wp-json\/wp\/v2\/comments?post=373"}],"version-history":[{"count":38,"href":"https:\/\/busgarraf.cat\/es\/wp-json\/wp\/v2\/pages\/373\/revisions"}],"predecessor-version":[{"id":5683,"href":"https:\/\/busgarraf.cat\/es\/wp-json\/wp\/v2\/pages\/373\/revisions\/5683"}],"wp:attachment":[{"href":"https:\/\/busgarraf.cat\/es\/wp-json\/wp\/v2\/media?parent=373"}],"curies":[{"name":"wp","href":"https:\/\/api.w.org\/{rel}","templated":true}]}}