{"id":375,"date":"2022-01-31T09:51:48","date_gmt":"2022-01-31T09:51:48","guid":{"rendered":"https:\/\/busgarraf.cat\/?page_id=375"},"modified":"2022-11-14T09:25:34","modified_gmt":"2022-11-14T09:25:34","slug":"valores","status":"publish","type":"page","link":"https:\/\/busgarraf.cat\/es\/valores\/","title":{"rendered":"Valores"},"content":{"rendered":"<p>[et_pb_section fb_built=\u00bb1&#8243; module_class=\u00bbheading_header_container\u00bb _builder_version=\u00bb4.16&#8243; _module_preset=\u00bbdefault\u00bb custom_margin=\u00bb0px|0px||0px|false|true\u00bb custom_padding=\u00bb0px|0px|0px|0px|true|true\u00bb global_colors_info=\u00bb{}\u00bb][et_pb_row _builder_version=\u00bb4.16&#8243; _module_preset=\u00bbdefault\u00bb width=\u00bb100%\u00bb max_width=\u00bb100%\u00bb module_alignment=\u00bbcenter\u00bb custom_margin=\u00bb0px|0px|0px|0px|true|true\u00bb custom_padding=\u00bb0px|0px|0px|0px|true|true\u00bb global_colors_info=\u00bb{}\u00bb][et_pb_column type=\u00bb4_4&#8243; _builder_version=\u00bb4.16&#8243; _module_preset=\u00bbdefault\u00bb global_colors_info=\u00bb{}\u00bb][et_pb_image src=\u00bbhttps:\/\/busgarraf.cat\/wp-content\/uploads\/2022\/02\/DSC_1172-scaled.jpg\u00bb title_text=\u00bbDSC_1172&#8243; force_fullwidth=\u00bbon\u00bb module_class=\u00bbheading_header_image\u00bb _builder_version=\u00bb4.16&#8243; _module_preset=\u00bbdefault\u00bb global_colors_info=\u00bb{}\u00bb][\/et_pb_image][\/et_pb_column][\/et_pb_row][et_pb_row module_class=\u00bbheader_title\u00bb _builder_version=\u00bb4.16&#8243; _module_preset=\u00bbdefault\u00bb width=\u00bb90%\u00bb max_width=\u00bb1290px\u00bb module_alignment=\u00bbcenter\u00bb custom_margin=\u00bb0px|0px|0px|0px|true|true\u00bb custom_padding=\u00bb0px|0px|0px|0px|true|true\u00bb global_colors_info=\u00bb{}\u00bb][et_pb_column type=\u00bb4_4&#8243; _builder_version=\u00bb4.16&#8243; _module_preset=\u00bbdefault\u00bb global_colors_info=\u00bb{}\u00bb][et_pb_text _builder_version=\u00bb4.16&#8243; _dynamic_attributes=\u00bbcontent\u00bb _module_preset=\u00bbdefault\u00bb text_font=\u00bbSegoe UI Bold||||||||\u00bb text_text_color=\u00bb#FFFFFF\u00bb text_font_size=\u00bb42px\u00bb header_font=\u00bbSegoe UI Bold||||||||\u00bb header_text_color=\u00bb#FFFFFF\u00bb header_font_size=\u00bb42px\u00bb custom_margin=\u00bb0px|0px|0px|0px|true|true\u00bb custom_padding=\u00bb0px|0px|20px|0px|false|true\u00bb text_font_size_tablet=\u00bb40px\u00bb text_font_size_phone=\u00bb38px\u00bb text_font_size_last_edited=\u00bbon|tablet\u00bb header_font_size_tablet=\u00bb40px\u00bb header_font_size_phone=\u00bb38px\u00bb header_font_size_last_edited=\u00bbon|phone\u00bb border_width_bottom=\u00bb3px\u00bb border_color_bottom=\u00bb#FFFFFF\u00bb global_colors_info=\u00bb{}\u00bb]@ET-DC@eyJkeW5hbWljIjp0cnVlLCJjb250ZW50IjoicG9zdF90aXRsZSIsInNldHRpbmdzIjp7ImJlZm9yZSI6IiIsImFmdGVyIjoiIn19@[\/et_pb_text][\/et_pb_column][\/et_pb_row][et_pb_row module_class=\u00bbheader_filtro_negro\u00bb _builder_version=\u00bb4.16&#8243; _module_preset=\u00bbdefault\u00bb background_color=\u00bbrgba(0,0,0,0.25)\u00bb width=\u00bb100%\u00bb max_width=\u00bb100%\u00bb module_alignment=\u00bbcenter\u00bb custom_margin=\u00bb0px|0px|0px|0px|true|true\u00bb custom_padding=\u00bb0px|0px|0px|0px|true|true\u00bb global_colors_info=\u00bb{}\u00bb][et_pb_column type=\u00bb4_4&#8243; _builder_version=\u00bb4.16&#8243; _module_preset=\u00bbdefault\u00bb global_colors_info=\u00bb{}\u00bb][\/et_pb_column][\/et_pb_row][\/et_pb_section][et_pb_section fb_built=\u00bb1&#8243; _builder_version=\u00bb4.16&#8243; _module_preset=\u00bbdefault\u00bb background_color=\u00bbgcid-a2e4858b-1e9e-4582-9e6c-a2c80a211cc4&#8243; custom_margin=\u00bb0px|0px|0px|0px|true|true\u00bb custom_padding=\u00bb50px|5.2%|0px|5.2%|false|true\u00bb global_colors_info=\u00bb{%22gcid-a2e4858b-1e9e-4582-9e6c-a2c80a211cc4%22:%91%22background_color%22%93}\u00bb][et_pb_row _builder_version=\u00bb4.16&#8243; _module_preset=\u00bbdefault\u00bb width=\u00bb100%\u00bb max_width=\u00bb1290px\u00bb module_alignment=\u00bbcenter\u00bb custom_margin=\u00bb0px|0px|0px|0px|true|true\u00bb custom_padding=\u00bb0px|0px|0px|0px|true|true\u00bb global_colors_info=\u00bb{}\u00bb][et_pb_column type=\u00bb4_4&#8243; _builder_version=\u00bb4.16&#8243; _module_preset=\u00bbdefault\u00bb global_colors_info=\u00bb{}\u00bb][et_pb_text _builder_version=\u00bb4.16&#8243; _module_preset=\u00bbdefault\u00bb text_font=\u00bbSegoe UI Regular||||||||\u00bb text_text_color=\u00bbgcid-68ddd611-b841-4d7a-9c9d-95db71454a37&#8243; text_font_size=\u00bb16px\u00bb custom_margin=\u00bb0px|0px|0px|0px|true|true\u00bb custom_padding=\u00bb0px|0px|0px|0px|true|true\u00bb text_font_size_tablet=\u00bb16px\u00bb text_font_size_phone=\u00bb14px\u00bb text_font_size_last_edited=\u00bbon|phone\u00bb global_colors_info=\u00bb{%22gcid-68ddd611-b841-4d7a-9c9d-95db71454a37%22:%91%22text_text_color%22%93}\u00bb]<\/p>\n<p><span>En BusGarraf disponemos de una moderna y amplia flota para garantizar un servicio de alta calidad en la comunidad de\u00a0<\/span><b>Catalu\u00f1a<\/b><span>.<\/span><br class=\"\" \/><br \/><span>Ofrecemos una amplia gama de tipos de veh\u00edculos que se adaptan a las necesidades de cada uno de los servicios ofrecidos, destacando por cuatro valores clave:\u00a0<\/span><b>seguridad<\/b><span>,\u00a0<\/span><b>calidad<\/b><span>,\u00a0<\/span><b>medio ambiente<\/b><span>\u00a0y\u00a0<\/span><b>confort<\/b><span>.\u00a0<\/span><span>A continuaci\u00f3n, encontrar\u00e1s nuestras principales acciones y elementos para fortalecer cada uno de estos valores.<\/span><\/p>\n<p>[\/et_pb_text][\/et_pb_column][\/et_pb_row][\/et_pb_section][et_pb_section fb_built=\u00bb1&#8243; module_class=\u00bbflip-card-section\u00bb _builder_version=\u00bb4.16&#8243; _module_preset=\u00bbdefault\u00bb background_color=\u00bbgcid-a2e4858b-1e9e-4582-9e6c-a2c80a211cc4&#8243; z_index=\u00bb20&#8243; custom_margin=\u00bb0px|0px|0px|0px|true|true\u00bb custom_padding=\u00bb50px|5.2%|50px|5.2%|false|true\u00bb global_colors_info=\u00bb{%22gcid-a2e4858b-1e9e-4582-9e6c-a2c80a211cc4%22:%91%22background_color%22%93}\u00bb][et_pb_row module_class=\u00bbflip-card-inner flip-front\u00bb _builder_version=\u00bb4.17.6&#8243; _module_preset=\u00bbdefault\u00bb module_alignment=\u00bbcenter\u00bb custom_margin=\u00bb0px|1.5%|2.75%|1.5%|false|true\u00bb custom_margin_tablet=\u00bb||30px||false|true\u00bb custom_margin_phone=\u00bb||30px||false|true\u00bb custom_margin_last_edited=\u00bbon|tablet\u00bb custom_padding=\u00bb0px|0px|0px|0px|true|true\u00bb global_colors_info=\u00bb{}\u00bb custom_margin__hover_enabled=\u00bboff|desktop\u00bb][et_pb_column type=\u00bb4_4&#8243; _builder_version=\u00bb4.16&#8243; _module_preset=\u00bbdefault\u00bb global_colors_info=\u00bb{}\u00bb][et_pb_blurb title=\u00bbConfort\u00bb module_class=\u00bbflip-card-front\u00bb _builder_version=\u00bb4.16&#8243; _module_preset=\u00bbdefault\u00bb header_level=\u00bbh2&#8243; header_font=\u00bbSegoe UI Bold||||||||\u00bb header_text_align=\u00bbcenter\u00bb header_text_color=\u00bb#FFFFFF\u00bb header_font_size=\u00bb32px\u00bb background_color=\u00bbgcid-87e14241-bd38-4642-9283-ed1906440911&#8243; width=\u00bb285px\u00bb height=\u00bb285px\u00bb border_radii=\u00bbon|15px|15px|15px|15px\u00bb global_colors_info=\u00bb{%22gcid-87e14241-bd38-4642-9283-ed1906440911%22:%91%22background_color%22%93}\u00bb][\/et_pb_blurb][et_pb_blurb module_class=\u00bbflip-card-back\u00bb _builder_version=\u00bb4.16&#8243; _module_preset=\u00bbdefault\u00bb header_level=\u00bbh2&#8243; header_font=\u00bbSegoe UI Bold||||||||\u00bb header_text_align=\u00bbcenter\u00bb header_text_color=\u00bb#FFFFFF\u00bb header_font_size=\u00bb42px\u00bb body_font=\u00bbSegoe UI Regular||||||||\u00bb body_text_color=\u00bbgcid-87e14241-bd38-4642-9283-ed1906440911&#8243; body_font_size=\u00bb16px\u00bb background_color=\u00bbgcid-62deecdb-82cb-4e6f-9aba-f734546a16c4&#8243; width=\u00bb285px\u00bb height=\u00bb285px\u00bb custom_padding=\u00bb25px|25px|25px|25px|true|true\u00bb border_radii=\u00bbon|15px|15px|15px|15px\u00bb global_colors_info=\u00bb{%22gcid-87e14241-bd38-4642-9283-ed1906440911%22:%91%22body_text_color%22%93,%22gcid-62deecdb-82cb-4e6f-9aba-f734546a16c4%22:%91%22background_color%22%93}\u00bb]<\/p>\n<ul>\n<li><span>Climatizador.<\/span><\/li>\n<li><span>Luces individuales de lectura.<\/span><\/li>\n<li><span>Wi-Fi.<\/span><\/li>\n<li><span>Equipo de v\u00eddeo y audio.<\/span><\/li>\n<li><span>Butacas reclinables con apoya brazos y cabezal.<\/span><\/li>\n<li><span>R\u00f3tulo luminoso personalizable.<\/span><\/li>\n<\/ul>\n<p>[\/et_pb_blurb][\/et_pb_column][\/et_pb_row][et_pb_row module_class=\u00bbflip-card-inner flip-front\u00bb _builder_version=\u00bb4.17.6&#8243; _module_preset=\u00bbdefault\u00bb module_alignment=\u00bbcenter\u00bb custom_margin=\u00bb0px|1.5%|2.75%|1.5%|false|true\u00bb custom_margin_tablet=\u00bb||30px||false|true\u00bb custom_margin_phone=\u00bb||30px||false|true\u00bb custom_margin_last_edited=\u00bbon|tablet\u00bb custom_padding=\u00bb0px|0px|0px|0px|true|true\u00bb global_colors_info=\u00bb{}\u00bb][et_pb_column type=\u00bb4_4&#8243; _builder_version=\u00bb4.16&#8243; _module_preset=\u00bbdefault\u00bb global_colors_info=\u00bb{}\u00bb][et_pb_blurb title=\u00bbMedio ambiente\u00bb module_class=\u00bbflip-card-front\u00bb _builder_version=\u00bb4.16&#8243; _module_preset=\u00bbdefault\u00bb header_level=\u00bbh2&#8243; header_font=\u00bbSegoe UI Bold||||||||\u00bb header_text_align=\u00bbcenter\u00bb header_text_color=\u00bbgcid-87e14241-bd38-4642-9283-ed1906440911&#8243; header_font_size=\u00bb32px\u00bb background_color=\u00bbgcid-62deecdb-82cb-4e6f-9aba-f734546a16c4&#8243; width=\u00bb285px\u00bb height=\u00bb285px\u00bb border_radii=\u00bbon|15px|15px|15px|15px\u00bb global_colors_info=\u00bb{%22gcid-62deecdb-82cb-4e6f-9aba-f734546a16c4%22:%91%22background_color%22%93,%22gcid-87e14241-bd38-4642-9283-ed1906440911%22:%91%22header_text_color%22%93}\u00bb][\/et_pb_blurb][et_pb_blurb module_class=\u00bbflip-card-back\u00bb _builder_version=\u00bb4.16&#8243; _module_preset=\u00bbdefault\u00bb header_level=\u00bbh2&#8243; header_font=\u00bbSegoe UI Bold||||||||\u00bb header_text_align=\u00bbcenter\u00bb header_text_color=\u00bb#FFFFFF\u00bb header_font_size=\u00bb42px\u00bb body_font=\u00bbSegoe UI Regular||||||||\u00bb body_text_color=\u00bb#FFFFFF\u00bb body_font_size=\u00bb16px\u00bb background_color=\u00bbgcid-87e14241-bd38-4642-9283-ed1906440911&#8243; width=\u00bb285px\u00bb height=\u00bb285px\u00bb custom_padding=\u00bb25px|25px|25px|25px|true|true\u00bb border_radii=\u00bbon|15px|15px|15px|15px\u00bb global_colors_info=\u00bb{%22gcid-87e14241-bd38-4642-9283-ed1906440911%22:%91%22header_text_color%22,%22background_color%22%93}\u00bb]<\/p>\n<ul>\n<li><span>Recogida de aceites y material de limpieza para ser reutilizado.<\/span><\/li>\n<li><span>Separaci\u00f3n de residuos y recogida por empresas autorizadas.<\/span><\/li>\n<li><span>Veh\u00edculos norma Euro.<\/span><\/li>\n<\/ul>\n<p>[\/et_pb_blurb][\/et_pb_column][\/et_pb_row][et_pb_row column_structure=\u00bb1_2,1_2&#8243; module_class=\u00bbflip-card-inner flip-front\u00bb _builder_version=\u00bb4.17.6&#8243; _module_preset=\u00bbdefault\u00bb module_alignment=\u00bbcenter\u00bb custom_margin=\u00bb0px|1.5%|2.75%|1.5%|false|true\u00bb custom_margin_tablet=\u00bb||30px||false|true\u00bb custom_margin_phone=\u00bb||30px||false|true\u00bb custom_margin_last_edited=\u00bbon|tablet\u00bb custom_padding=\u00bb0px|0px|0px|0px|true|true\u00bb global_colors_info=\u00bb{}\u00bb][et_pb_column type=\u00bb1_2&#8243; _builder_version=\u00bb4.16&#8243; _module_preset=\u00bbdefault\u00bb global_colors_info=\u00bb{}\u00bb][et_pb_blurb title=\u00bbCalidad\u00bb module_class=\u00bbflip-card-front\u00bb _builder_version=\u00bb4.16&#8243; _module_preset=\u00bbdefault\u00bb header_level=\u00bbh2&#8243; header_font=\u00bbSegoe UI Bold||||||||\u00bb header_text_align=\u00bbcenter\u00bb header_text_color=\u00bb#FFFFFF\u00bb header_font_size=\u00bb32px\u00bb background_color=\u00bbgcid-87e14241-bd38-4642-9283-ed1906440911&#8243; width=\u00bb285px\u00bb height=\u00bb285px\u00bb border_radii=\u00bbon|15px|15px|15px|15px\u00bb global_colors_info=\u00bb{%22gcid-87e14241-bd38-4642-9283-ed1906440911%22:%91%22background_color%22%93}\u00bb][\/et_pb_blurb][et_pb_blurb module_class=\u00bbflip-card-back\u00bb _builder_version=\u00bb4.16&#8243; _module_preset=\u00bbdefault\u00bb header_level=\u00bbh2&#8243; header_font=\u00bbSegoe UI Bold||||||||\u00bb header_text_align=\u00bbcenter\u00bb header_text_color=\u00bb#FFFFFF\u00bb header_font_size=\u00bb42px\u00bb body_font=\u00bbSegoe UI Regular||||||||\u00bb body_text_color=\u00bbgcid-87e14241-bd38-4642-9283-ed1906440911&#8243; body_font_size=\u00bb16px\u00bb background_color=\u00bbgcid-62deecdb-82cb-4e6f-9aba-f734546a16c4&#8243; width=\u00bb285px\u00bb height=\u00bb285px\u00bb custom_padding=\u00bb25px|25px|25px|25px|true|true\u00bb border_radii=\u00bbon|15px|15px|15px|15px\u00bb global_colors_info=\u00bb{%22gcid-87e14241-bd38-4642-9283-ed1906440911%22:%91%22body_text_color%22,%22background_color%22%93,%22gcid-62deecdb-82cb-4e6f-9aba-f734546a16c4%22:%91%22background_color%22%93}\u00bb]<\/p>\n<ul>\n<li>ISO 9001 certificada por ENAC.<\/li>\n<li>ISO 14001 certificada por ENAC.<\/li>\n<li>UNE 13816.<\/li>\n<li>Personal cualificado y en continua formaci\u00f3n.<\/li>\n<li>Cumplimiento de las normas europeas referentes a conducci\u00f3n, seguridad y respeto hacia el medio ambiente.<\/li>\n<\/ul>\n<p>[\/et_pb_blurb][\/et_pb_column][et_pb_column type=\u00bb1_2&#8243; _builder_version=\u00bb4.16&#8243; _module_preset=\u00bbdefault\u00bb global_colors_info=\u00bb{}\u00bb][\/et_pb_column][\/et_pb_row][et_pb_row module_class=\u00bbflip-card-inner flip-front\u00bb _builder_version=\u00bb4.17.6&#8243; _module_preset=\u00bbdefault\u00bb module_alignment=\u00bbcenter\u00bb custom_margin=\u00bb0px|1.5%|2.75%|1.5%|false|true\u00bb custom_margin_tablet=\u00bb||30px||false|true\u00bb custom_margin_phone=\u00bb||30px||false|true\u00bb custom_margin_last_edited=\u00bbon|tablet\u00bb custom_padding=\u00bb0px|0px|0px|0px|true|true\u00bb global_colors_info=\u00bb{}\u00bb][et_pb_column type=\u00bb4_4&#8243; _builder_version=\u00bb4.16&#8243; _module_preset=\u00bbdefault\u00bb global_colors_info=\u00bb{}\u00bb][et_pb_blurb title=\u00bbSeguridad\u00bb module_class=\u00bbflip-card-front\u00bb _builder_version=\u00bb4.16&#8243; _module_preset=\u00bbdefault\u00bb header_level=\u00bbh2&#8243; header_font=\u00bbSegoe UI Bold||||||||\u00bb header_text_align=\u00bbcenter\u00bb header_text_color=\u00bbgcid-87e14241-bd38-4642-9283-ed1906440911&#8243; header_font_size=\u00bb32px\u00bb background_color=\u00bbgcid-62deecdb-82cb-4e6f-9aba-f734546a16c4&#8243; width=\u00bb285px\u00bb height=\u00bb285px\u00bb border_radii=\u00bbon|15px|15px|15px|15px\u00bb global_colors_info=\u00bb{%22gcid-62deecdb-82cb-4e6f-9aba-f734546a16c4%22:%91%22background_color%22%93,%22gcid-87e14241-bd38-4642-9283-ed1906440911%22:%91%22header_text_color%22%93}\u00bb][\/et_pb_blurb][et_pb_blurb module_class=\u00bbflip-card-back\u00bb _builder_version=\u00bb4.16&#8243; _module_preset=\u00bbdefault\u00bb header_level=\u00bbh2&#8243; header_font=\u00bbSegoe UI Bold||||||||\u00bb header_text_align=\u00bbcenter\u00bb header_text_color=\u00bb#FFFFFF\u00bb header_font_size=\u00bb42px\u00bb body_font=\u00bbSegoe UI Regular||||||||\u00bb body_text_color=\u00bb#FFFFFF\u00bb body_font_size=\u00bb16px\u00bb background_color=\u00bbgcid-87e14241-bd38-4642-9283-ed1906440911&#8243; width=\u00bb285px\u00bb height=\u00bb285px\u00bb custom_padding=\u00bb25px|25px|25px|25px|true|true\u00bb border_radii=\u00bbon|15px|15px|15px|15px\u00bb global_colors_info=\u00bb{%22gcid-87e14241-bd38-4642-9283-ed1906440911%22:%91%22header_text_color%22,%22background_color%22%93}\u00bb]<\/p>\n<ul>\n<li><span>Limitador de velocidad a 100 km\/h.<\/span><\/li>\n<li><span>Veh\u00edculos equipados con cinturones de seguridad.<\/span><\/li>\n<li><span>Veh\u00edculos dotados de arco de seguridad antivuelco y antideformaciones.<\/span><\/li>\n<li><span>Butacas con anclajes seg\u00fan norma R80.<\/span><\/li>\n<li><span>Frenos con retarder hidr\u00e1ulico.<\/span><\/li>\n<li><span>Suspensi\u00f3n integral.<\/span><\/li>\n<li><span>Sistemas de asistencia ASB y ASR.<\/span><\/li>\n<li><span>Geolocalizaci\u00f3n con el sistema TOM TOM.<\/span><\/li>\n<\/ul>\n<p>[\/et_pb_blurb][\/et_pb_column][\/et_pb_row][\/et_pb_section][et_pb_section fb_built=\u00bb1&#8243; _builder_version=\u00bb4.17.6&#8243; _module_preset=\u00bbdefault\u00bb background_color=\u00bbgcid-a2e4858b-1e9e-4582-9e6c-a2c80a211cc4&#8243; custom_margin=\u00bb0px|0px|0px|0px|true|true\u00bb custom_padding=\u00bb0px|5.2%|50px|5.2%|false|true\u00bb hover_enabled=\u00bb0&#8243; global_colors_info=\u00bb{%22gcid-a2e4858b-1e9e-4582-9e6c-a2c80a211cc4%22:%91%22background_color%22%93}\u00bb custom_padding_last_edited=\u00bbon|phone\u00bb sticky_enabled=\u00bb0&#8243; custom_padding_phone=\u00bb||25px||false|true\u00bb custom_padding_tablet=\u00bb0px|5.2%|50px|5.2%|false|true\u00bb][et_pb_row _builder_version=\u00bb4.16&#8243; _module_preset=\u00bbdefault\u00bb width=\u00bb100%\u00bb max_width=\u00bb1290px\u00bb module_alignment=\u00bbcenter\u00bb custom_margin=\u00bb0px|0px|0px|0px|true|true\u00bb custom_padding=\u00bb0px|0px|0px|0px|true|true\u00bb global_colors_info=\u00bb{}\u00bb][et_pb_column type=\u00bb4_4&#8243; _builder_version=\u00bb4.16&#8243; _module_preset=\u00bbdefault\u00bb global_colors_info=\u00bb{}\u00bb][et_pb_text _builder_version=\u00bb4.16&#8243; _module_preset=\u00bbdefault\u00bb text_font=\u00bbSegoe UI Regular||||||||\u00bb text_text_color=\u00bbgcid-68ddd611-b841-4d7a-9c9d-95db71454a37&#8243; text_font_size=\u00bb16px\u00bb custom_margin=\u00bb0px|0px|0px|0px|true|true\u00bb custom_padding=\u00bb0px|0px|0px|0px|true|true\u00bb text_font_size_tablet=\u00bb16px\u00bb text_font_size_phone=\u00bb14px\u00bb text_font_size_last_edited=\u00bbon|phone\u00bb global_colors_info=\u00bb{%22gcid-68ddd611-b841-4d7a-9c9d-95db71454a37%22:%91%22text_text_color%22%93}\u00bb]<\/p>\n<p><span>Adem\u00e1s de incluir estas t\u00e9cnicas y herramientas, tambi\u00e9n proveemos de medidas de seguridad elementales como: carrocer\u00eda resistente a impactos frontales y laterales, mantenimiento peri\u00f3dico de la flota en talleres propios, botiqu\u00edn equipado con material b\u00e1sico de primeros auxilios, extintores revisados peri\u00f3dicamente, etc.<\/span><\/p>\n<p><span>Desde nuestra sede en Vilanova, ponemos a disposici\u00f3n una variada flota, con veh\u00edculos <strong>desde 8 hasta 72 plazas<\/strong> y diferentes modelos de carrocer\u00eda, para que cada cliente disponga del veh\u00edculo m\u00e1s \u00f3ptimo para cada ocasi\u00f3n, ya sea traslados al aeropuerto, transporte escolar, traslados para empresas, bodas \u00a1y m\u00e1s!<\/span><\/p>\n<p style=\"font-weight: 400;\"><span>En BusGarraf apostamos por una <strong>mejora continua<\/strong>, aportando un conjunto de veh\u00edculos m\u00e1s avanzados en materia de seguridad, comodidad, tecnolog\u00eda y respeto hacia el medio ambiente.<\/span><\/p>\n<p style=\"font-weight: 400;\"><span><strong>BusGarraf, tu transporte de confianza<\/strong>.<\/span><\/p>\n<p>[\/et_pb_text][\/et_pb_column][\/et_pb_row][\/et_pb_section]<\/p>\n","protected":false},"excerpt":{"rendered":"<p>En BusGarraf disponemos de una moderna y amplia flota para garantizar un servicio de alta calidad en la comunidad de\u00a0Catalu\u00f1a.Ofrecemos una amplia gama de tipos de veh\u00edculos que se adaptan a las necesidades de cada uno de los servicios ofrecidos, destacando por cuatro valores clave:\u00a0seguridad,\u00a0calidad,\u00a0medio ambiente\u00a0y\u00a0confort.\u00a0A continuaci\u00f3n, encontrar\u00e1s nuestras principales acciones y elementos para fortalecer [&hellip;]<\/p>\n","protected":false},"author":1,"featured_media":0,"parent":0,"menu_order":0,"comment_status":"closed","ping_status":"closed","template":"","meta":{"_et_pb_use_builder":"on","_et_pb_old_content":"<!-- wp:divi\/placeholder \/-->","_et_gb_content_width":"","footnotes":""},"_links":{"self":[{"href":"https:\/\/busgarraf.cat\/es\/wp-json\/wp\/v2\/pages\/375"}],"collection":[{"href":"https:\/\/busgarraf.cat\/es\/wp-json\/wp\/v2\/pages"}],"about":[{"href":"https:\/\/busgarraf.cat\/es\/wp-json\/wp\/v2\/types\/page"}],"author":[{"embeddable":true,"href":"https:\/\/busgarraf.cat\/es\/wp-json\/wp\/v2\/users\/1"}],"replies":[{"embeddable":true,"href":"https:\/\/busgarraf.cat\/es\/wp-json\/wp\/v2\/comments?post=375"}],"version-history":[{"count":60,"href":"https:\/\/busgarraf.cat\/es\/wp-json\/wp\/v2\/pages\/375\/revisions"}],"predecessor-version":[{"id":3832,"href":"https:\/\/busgarraf.cat\/es\/wp-json\/wp\/v2\/pages\/375\/revisions\/3832"}],"wp:attachment":[{"href":"https:\/\/busgarraf.cat\/es\/wp-json\/wp\/v2\/media?parent=375"}],"curies":[{"name":"wp","href":"https:\/\/api.w.org\/{rel}","templated":true}]}}