{"id":1984,"date":"2022-01-31T09:51:48","date_gmt":"2022-01-31T09:51:48","guid":{"rendered":"https:\/\/busgarraf.cat\/valores\/"},"modified":"2022-11-11T11:26:54","modified_gmt":"2022-11-11T11:26:54","slug":"valores","status":"publish","type":"page","link":"https:\/\/busgarraf.cat\/fr\/valores\/","title":{"rendered":"Valeurs"},"content":{"rendered":"<p>[et_pb_section fb_built=\u00a0\u00bb1&Prime; module_class=\u00a0\u00bbheading_header_container\u00a0\u00bb _builder_version=\u00a0\u00bb4.16&Prime; _module_preset=\u00a0\u00bbdefault\u00a0\u00bb custom_margin=\u00a0\u00bb0px|0px||0px|false|true\u00a0\u00bb custom_padding=\u00a0\u00bb0px|0px|0px|0px|true|true\u00a0\u00bb global_colors_info=\u00a0\u00bb{}\u00a0\u00bb][et_pb_row _builder_version=\u00a0\u00bb4.16&Prime; _module_preset=\u00a0\u00bbdefault\u00a0\u00bb width=\u00a0\u00bb100%\u00a0\u00bb max_width=\u00a0\u00bb100%\u00a0\u00bb module_alignment=\u00a0\u00bbcenter\u00a0\u00bb custom_margin=\u00a0\u00bb0px|0px|0px|0px|true|true\u00a0\u00bb custom_padding=\u00a0\u00bb0px|0px|0px|0px|true|true\u00a0\u00bb global_colors_info=\u00a0\u00bb{}\u00a0\u00bb][et_pb_column type=\u00a0\u00bb4_4&Prime; _builder_version=\u00a0\u00bb4.16&Prime; _module_preset=\u00a0\u00bbdefault\u00a0\u00bb global_colors_info=\u00a0\u00bb{}\u00a0\u00bb][et_pb_image src=\u00a0\u00bbhttps:\/\/busgarraf.cat\/wp-content\/uploads\/2022\/02\/DSC_1172-scaled.jpg\u00a0\u00bb title_text=\u00a0\u00bbDSC_1172&Prime; force_fullwidth=\u00a0\u00bbon\u00a0\u00bb module_class=\u00a0\u00bbheading_header_image\u00a0\u00bb _builder_version=\u00a0\u00bb4.16&Prime; _module_preset=\u00a0\u00bbdefault\u00a0\u00bb global_colors_info=\u00a0\u00bb{}\u00a0\u00bb][\/et_pb_image][\/et_pb_column][\/et_pb_row][et_pb_row module_class=\u00a0\u00bbheader_title\u00a0\u00bb _builder_version=\u00a0\u00bb4.16&Prime; _module_preset=\u00a0\u00bbdefault\u00a0\u00bb width=\u00a0\u00bb90%\u00a0\u00bb max_width=\u00a0\u00bb1290px\u00a0\u00bb module_alignment=\u00a0\u00bbcenter\u00a0\u00bb custom_margin=\u00a0\u00bb0px|0px|0px|0px|true|true\u00a0\u00bb custom_padding=\u00a0\u00bb0px|0px|0px|0px|true|true\u00a0\u00bb global_colors_info=\u00a0\u00bb{}\u00a0\u00bb][et_pb_column type=\u00a0\u00bb4_4&Prime; _builder_version=\u00a0\u00bb4.16&Prime; _module_preset=\u00a0\u00bbdefault\u00a0\u00bb global_colors_info=\u00a0\u00bb{}\u00a0\u00bb][et_pb_text _builder_version=\u00a0\u00bb4.16&Prime; _dynamic_attributes=\u00a0\u00bbcontent\u00a0\u00bb _module_preset=\u00a0\u00bbdefault\u00a0\u00bb text_font=\u00a0\u00bbSegoe UI Bold||||||||\u00a0\u00bb text_text_color=\u00a0\u00bb#FFFFFF\u00a0\u00bb text_font_size=\u00a0\u00bb42px\u00a0\u00bb header_font=\u00a0\u00bbSegoe UI Bold||||||||\u00a0\u00bb header_text_color=\u00a0\u00bb#FFFFFF\u00a0\u00bb header_font_size=\u00a0\u00bb42px\u00a0\u00bb custom_margin=\u00a0\u00bb0px|0px|0px|0px|true|true\u00a0\u00bb custom_padding=\u00a0\u00bb0px|0px|20px|0px|false|true\u00a0\u00bb text_font_size_tablet=\u00a0\u00bb40px\u00a0\u00bb text_font_size_phone=\u00a0\u00bb38px\u00a0\u00bb text_font_size_last_edited=\u00a0\u00bbon|tablet\u00a0\u00bb header_font_size_tablet=\u00a0\u00bb40px\u00a0\u00bb header_font_size_phone=\u00a0\u00bb38px\u00a0\u00bb header_font_size_last_edited=\u00a0\u00bbon|phone\u00a0\u00bb border_width_bottom=\u00a0\u00bb3px\u00a0\u00bb border_color_bottom=\u00a0\u00bb#FFFFFF\u00a0\u00bb global_colors_info=\u00a0\u00bb{}\u00a0\u00bb]@ET-DC@eyJkeW5hbWljIjp0cnVlLCJjb250ZW50IjoicG9zdF90aXRsZSIsInNldHRpbmdzIjp7ImJlZm9yZSI6IiIsImFmdGVyIjoiIn19@[\/et_pb_text][\/et_pb_column][\/et_pb_row][et_pb_row module_class=\u00a0\u00bbheader_filtro_negro\u00a0\u00bb _builder_version=\u00a0\u00bb4.16&Prime; _module_preset=\u00a0\u00bbdefault\u00a0\u00bb background_color=\u00a0\u00bbrgba(0,0,0,0.25)\u00a0\u00bb width=\u00a0\u00bb100%\u00a0\u00bb max_width=\u00a0\u00bb100%\u00a0\u00bb module_alignment=\u00a0\u00bbcenter\u00a0\u00bb custom_margin=\u00a0\u00bb0px|0px|0px|0px|true|true\u00a0\u00bb custom_padding=\u00a0\u00bb0px|0px|0px|0px|true|true\u00a0\u00bb global_colors_info=\u00a0\u00bb{}\u00a0\u00bb][et_pb_column type=\u00a0\u00bb4_4&Prime; _builder_version=\u00a0\u00bb4.16&Prime; _module_preset=\u00a0\u00bbdefault\u00a0\u00bb global_colors_info=\u00a0\u00bb{}\u00a0\u00bb][\/et_pb_column][\/et_pb_row][\/et_pb_section][et_pb_section fb_built=\u00a0\u00bb1&Prime; _builder_version=\u00a0\u00bb4.16&Prime; _module_preset=\u00a0\u00bbdefault\u00a0\u00bb background_color=\u00a0\u00bbgcid-a2e4858b-1e9e-4582-9e6c-a2c80a211cc4&Prime; custom_margin=\u00a0\u00bb0px|0px|0px|0px|true|true\u00a0\u00bb custom_padding=\u00a0\u00bb50px|5.2%|0px|5.2%|false|true\u00a0\u00bb global_colors_info=\u00a0\u00bb{%22gcid-a2e4858b-1e9e-4582-9e6c-a2c80a211cc4%22:%91%22background_color%22%93}\u00a0\u00bb][et_pb_row _builder_version=\u00a0\u00bb4.16&Prime; _module_preset=\u00a0\u00bbdefault\u00a0\u00bb width=\u00a0\u00bb100%\u00a0\u00bb max_width=\u00a0\u00bb1290px\u00a0\u00bb module_alignment=\u00a0\u00bbcenter\u00a0\u00bb custom_margin=\u00a0\u00bb0px|0px|0px|0px|true|true\u00a0\u00bb custom_padding=\u00a0\u00bb0px|0px|0px|0px|true|true\u00a0\u00bb global_colors_info=\u00a0\u00bb{}\u00a0\u00bb][et_pb_column type=\u00a0\u00bb4_4&Prime; _builder_version=\u00a0\u00bb4.16&Prime; _module_preset=\u00a0\u00bbdefault\u00a0\u00bb global_colors_info=\u00a0\u00bb{}\u00a0\u00bb][et_pb_text _builder_version=\u00a0\u00bb4.16&Prime; _module_preset=\u00a0\u00bbdefault\u00a0\u00bb text_font=\u00a0\u00bbSegoe UI Regular||||||||\u00a0\u00bb text_text_color=\u00a0\u00bbgcid-68ddd611-b841-4d7a-9c9d-95db71454a37&Prime; text_font_size=\u00a0\u00bb16px\u00a0\u00bb custom_margin=\u00a0\u00bb0px|0px|0px|0px|true|true\u00a0\u00bb custom_padding=\u00a0\u00bb0px|0px|0px|0px|true|true\u00a0\u00bb text_font_size_tablet=\u00a0\u00bb16px\u00a0\u00bb text_font_size_phone=\u00a0\u00bb14px\u00a0\u00bb text_font_size_last_edited=\u00a0\u00bbon|phone\u00a0\u00bb global_colors_info=\u00a0\u00bb{%22gcid-68ddd611-b841-4d7a-9c9d-95db71454a37%22:%91%22text_text_color%22%93}\u00a0\u00bb]<\/p>\n<p><span>Chez BusGarraf, nous disposons d&rsquo;une flotte moderne et \u00e9tendue pour garantir un service de haute qualit\u00e9 dans la communaut\u00e9 de<\/span> <b>Catalogne<\/b><span>.<\/span><br class=\"\"><br \/><span>Nous proposons une large gamme de types de v\u00e9hicules qui s&rsquo;adaptent aux besoins de chacun des services offerts, avec quatre valeurs cl\u00e9s:<\/span> <b>s\u00e9curit\u00e9<\/b><span>,<\/span> <b>qualit\u00e9<\/b><span>,<\/span> <b>environnement<\/b> <span>et<\/span> <b>confort<\/b><span>.<\/span> <span>Vous trouverez ci-dessous nos principales actions et \u00e9l\u00e9ments pour renforcer chacune de ces valeurs.<\/span><\/p>\n<p>[\/et_pb_text][\/et_pb_column][\/et_pb_row][\/et_pb_section][et_pb_section fb_built=\u00a0\u00bb1&Prime; module_class=\u00a0\u00bbflip-card-section\u00a0\u00bb _builder_version=\u00a0\u00bb4.16&Prime; _module_preset=\u00a0\u00bbdefault\u00a0\u00bb background_color=\u00a0\u00bbgcid-a2e4858b-1e9e-4582-9e6c-a2c80a211cc4&Prime; z_index=\u00a0\u00bb20&Prime; custom_margin=\u00a0\u00bb0px|0px|0px|0px|true|true\u00a0\u00bb custom_padding=\u00a0\u00bb50px|5.2%|50px|5.2%|false|true\u00a0\u00bb global_colors_info=\u00a0\u00bb{%22gcid-a2e4858b-1e9e-4582-9e6c-a2c80a211cc4%22:%91%22background_color%22%93}\u00a0\u00bb][et_pb_row module_class=\u00a0\u00bbflip-card-inner flip-front\u00a0\u00bb _builder_version=\u00a0\u00bb4.17.6&Prime; _module_preset=\u00a0\u00bbdefault\u00a0\u00bb module_alignment=\u00a0\u00bbcenter\u00a0\u00bb custom_margin=\u00a0\u00bb0px|1.5%|2.75%|1.5%|false|true\u00a0\u00bb custom_padding=\u00a0\u00bb0px|0px|0px|0px|true|true\u00a0\u00bb hover_enabled=\u00a0\u00bb0&Prime; global_colors_info=\u00a0\u00bb{}\u00a0\u00bb custom_margin_last_edited=\u00a0\u00bbon|tablet\u00a0\u00bb sticky_enabled=\u00a0\u00bb0&Prime; custom_margin_tablet=\u00a0\u00bb||30px||false|true\u00a0\u00bb custom_margin_phone=\u00a0\u00bb||30px||false|true\u00a0\u00bb][et_pb_column type=\u00a0\u00bb4_4&Prime; _builder_version=\u00a0\u00bb4.16&Prime; _module_preset=\u00a0\u00bbdefault\u00a0\u00bb global_colors_info=\u00a0\u00bb{}\u00a0\u00bb][et_pb_blurb title=\u00a0\u00bbConfort\u00a0\u00bb module_class=\u00a0\u00bbflip-card-front\u00a0\u00bb _builder_version=\u00a0\u00bb4.16&Prime; _module_preset=\u00a0\u00bbdefault\u00a0\u00bb header_level=\u00a0\u00bbh2&Prime; header_font=\u00a0\u00bbSegoe UI Bold||||||||\u00a0\u00bb header_text_align=\u00a0\u00bbcenter\u00a0\u00bb header_text_color=\u00a0\u00bb#FFFFFF\u00a0\u00bb header_font_size=\u00a0\u00bb32px\u00a0\u00bb background_color=\u00a0\u00bbgcid-87e14241-bd38-4642-9283-ed1906440911&Prime; width=\u00a0\u00bb285px\u00a0\u00bb height=\u00a0\u00bb285px\u00a0\u00bb border_radii=\u00a0\u00bbon|15px|15px|15px|15px\u00a0\u00bb global_colors_info=\u00a0\u00bb{%22gcid-87e14241-bd38-4642-9283-ed1906440911%22:%91%22background_color%22%93}\u00a0\u00bb][\/et_pb_blurb][et_pb_blurb module_class=\u00a0\u00bbflip-card-back\u00a0\u00bb _builder_version=\u00a0\u00bb4.17.6&Prime; _module_preset=\u00a0\u00bbdefault\u00a0\u00bb header_level=\u00a0\u00bbh2&Prime; header_font=\u00a0\u00bbSegoe UI Bold||||||||\u00a0\u00bb header_text_align=\u00a0\u00bbcenter\u00a0\u00bb header_text_color=\u00a0\u00bb#FFFFFF\u00a0\u00bb header_font_size=\u00a0\u00bb42px\u00a0\u00bb body_font=\u00a0\u00bbSegoe UI Regular||||||||\u00a0\u00bb body_text_color=\u00a0\u00bbgcid-87e14241-bd38-4642-9283-ed1906440911&Prime; body_font_size=\u00a0\u00bb16px\u00a0\u00bb background_color=\u00a0\u00bbgcid-62deecdb-82cb-4e6f-9aba-f734546a16c4&Prime; width=\u00a0\u00bb285px\u00a0\u00bb height=\u00a0\u00bb285px\u00a0\u00bb custom_padding=\u00a0\u00bb25px|25px|25px|25px|true|true\u00a0\u00bb border_radii=\u00a0\u00bbon|15px|15px|15px|15px\u00a0\u00bb global_colors_info=\u00a0\u00bb{%22gcid-87e14241-bd38-4642-9283-ed1906440911%22:%91%22body_text_color%22%93,%22gcid-62deecdb-82cb-4e6f-9aba-f734546a16c4%22:%91%22background_color%22%93}\u00a0\u00bb]<\/p>\n<ul>\n<li><span data-sheets-value=\"{&quot;1&quot;:2,&quot;2&quot;:&quot;Contr\u00f4le de la climatisation.&quot;}\" data-sheets-userformat=\"{&quot;2&quot;:14817,&quot;3&quot;:{&quot;1&quot;:0,&quot;3&quot;:1},&quot;8&quot;:{&quot;1&quot;:[{&quot;1&quot;:2,&quot;2&quot;:0,&quot;5&quot;:{&quot;1&quot;:2,&quot;2&quot;:0}},{&quot;1&quot;:0,&quot;2&quot;:0,&quot;3&quot;:3},{&quot;1&quot;:1,&quot;2&quot;:0,&quot;4&quot;:2}]},&quot;9&quot;:0,&quot;10&quot;:0,&quot;11&quot;:4,&quot;14&quot;:{&quot;1&quot;:2,&quot;2&quot;:0},&quot;15&quot;:&quot;Arial&quot;,&quot;16&quot;:10}\">Contr\u00f4le de la climatisation.<\/span><\/li>\n<li><span data-sheets-value=\"{&quot;1&quot;:2,&quot;2&quot;:&quot;Lampes de lecture individuelles.&quot;}\" data-sheets-userformat=\"{&quot;2&quot;:14817,&quot;3&quot;:{&quot;1&quot;:0,&quot;3&quot;:1},&quot;8&quot;:{&quot;1&quot;:[{&quot;1&quot;:2,&quot;2&quot;:0,&quot;5&quot;:{&quot;1&quot;:2,&quot;2&quot;:0}},{&quot;1&quot;:0,&quot;2&quot;:0,&quot;3&quot;:3},{&quot;1&quot;:1,&quot;2&quot;:0,&quot;4&quot;:2}]},&quot;9&quot;:0,&quot;10&quot;:0,&quot;11&quot;:4,&quot;14&quot;:{&quot;1&quot;:2,&quot;2&quot;:0},&quot;15&quot;:&quot;Arial&quot;,&quot;16&quot;:10}\">Lampes de lecture individuelles.<\/span><\/li>\n<li><span>Wi-Fi.<\/span><\/li>\n<li><span data-sheets-value=\"{&quot;1&quot;:2,&quot;2&quot;:&quot;\u00c9quipement vid\u00e9o et audio.&quot;}\" data-sheets-userformat=\"{&quot;2&quot;:14817,&quot;3&quot;:{&quot;1&quot;:0,&quot;3&quot;:1},&quot;8&quot;:{&quot;1&quot;:[{&quot;1&quot;:2,&quot;2&quot;:0,&quot;5&quot;:{&quot;1&quot;:2,&quot;2&quot;:0}},{&quot;1&quot;:0,&quot;2&quot;:0,&quot;3&quot;:3},{&quot;1&quot;:1,&quot;2&quot;:0,&quot;4&quot;:2}]},&quot;9&quot;:0,&quot;10&quot;:0,&quot;11&quot;:4,&quot;14&quot;:{&quot;1&quot;:2,&quot;2&quot;:0},&quot;15&quot;:&quot;Arial&quot;,&quot;16&quot;:10}\">\u00c9quipement vid\u00e9o et audio.<\/span><\/li>\n<li><span data-sheets-value=\"{&quot;1&quot;:2,&quot;2&quot;:&quot;Si\u00e8ges inclinables avec accoudoirs et appui-t\u00eate.&quot;}\" data-sheets-userformat=\"{&quot;2&quot;:14817,&quot;3&quot;:{&quot;1&quot;:0,&quot;3&quot;:1},&quot;8&quot;:{&quot;1&quot;:[{&quot;1&quot;:2,&quot;2&quot;:0,&quot;5&quot;:{&quot;1&quot;:2,&quot;2&quot;:0}},{&quot;1&quot;:0,&quot;2&quot;:0,&quot;3&quot;:3},{&quot;1&quot;:1,&quot;2&quot;:0,&quot;4&quot;:2}]},&quot;9&quot;:0,&quot;10&quot;:0,&quot;11&quot;:4,&quot;14&quot;:{&quot;1&quot;:2,&quot;2&quot;:0},&quot;15&quot;:&quot;Arial&quot;,&quot;16&quot;:10}\">Si\u00e8ges inclinables avec accoudoirs et appui-t\u00eate.<\/span><\/li>\n<li><span data-sheets-value=\"{&quot;1&quot;:2,&quot;2&quot;:&quot;Enseigne lumineuse personnalisable.&quot;}\" data-sheets-userformat=\"{&quot;2&quot;:14817,&quot;3&quot;:{&quot;1&quot;:0,&quot;3&quot;:1},&quot;8&quot;:{&quot;1&quot;:[{&quot;1&quot;:2,&quot;2&quot;:0,&quot;5&quot;:{&quot;1&quot;:2,&quot;2&quot;:0}},{&quot;1&quot;:0,&quot;2&quot;:0,&quot;3&quot;:3},{&quot;1&quot;:1,&quot;2&quot;:0,&quot;4&quot;:2}]},&quot;9&quot;:0,&quot;10&quot;:0,&quot;11&quot;:4,&quot;14&quot;:{&quot;1&quot;:2,&quot;2&quot;:0},&quot;15&quot;:&quot;Arial&quot;,&quot;16&quot;:10}\">Enseigne lumineuse personnalisable.<\/span><\/li>\n<\/ul>\n<p>[\/et_pb_blurb][\/et_pb_column][\/et_pb_row][et_pb_row module_class=\u00a0\u00bbflip-card-inner flip-front\u00a0\u00bb _builder_version=\u00a0\u00bb4.17.6&Prime; _module_preset=\u00a0\u00bbdefault\u00a0\u00bb module_alignment=\u00a0\u00bbcenter\u00a0\u00bb custom_margin=\u00a0\u00bb0px|1.5%|2.75%|1.5%|false|true\u00a0\u00bb custom_padding=\u00a0\u00bb0px|0px|0px|0px|true|true\u00a0\u00bb hover_enabled=\u00a0\u00bb0&Prime; global_colors_info=\u00a0\u00bb{}\u00a0\u00bb custom_margin_last_edited=\u00a0\u00bbon|tablet\u00a0\u00bb sticky_enabled=\u00a0\u00bb0&Prime; custom_margin_tablet=\u00a0\u00bb||30px||false|true\u00a0\u00bb custom_margin_phone=\u00a0\u00bb||30px||false|true\u00a0\u00bb][et_pb_column type=\u00a0\u00bb4_4&Prime; _builder_version=\u00a0\u00bb4.16&Prime; _module_preset=\u00a0\u00bbdefault\u00a0\u00bb global_colors_info=\u00a0\u00bb{}\u00a0\u00bb][et_pb_blurb title=\u00a0\u00bbEnvironnement\u00a0\u00bb module_class=\u00a0\u00bbflip-card-front\u00a0\u00bb _builder_version=\u00a0\u00bb4.16&Prime; _module_preset=\u00a0\u00bbdefault\u00a0\u00bb header_level=\u00a0\u00bbh2&Prime; header_font=\u00a0\u00bbSegoe UI Bold||||||||\u00a0\u00bb header_text_align=\u00a0\u00bbcenter\u00a0\u00bb header_text_color=\u00a0\u00bbgcid-87e14241-bd38-4642-9283-ed1906440911&Prime; header_font_size=\u00a0\u00bb32px\u00a0\u00bb background_color=\u00a0\u00bbgcid-62deecdb-82cb-4e6f-9aba-f734546a16c4&Prime; width=\u00a0\u00bb285px\u00a0\u00bb height=\u00a0\u00bb285px\u00a0\u00bb border_radii=\u00a0\u00bbon|15px|15px|15px|15px\u00a0\u00bb global_colors_info=\u00a0\u00bb{%22gcid-62deecdb-82cb-4e6f-9aba-f734546a16c4%22:%91%22background_color%22%93,%22gcid-87e14241-bd38-4642-9283-ed1906440911%22:%91%22header_text_color%22%93}\u00a0\u00bb][\/et_pb_blurb][et_pb_blurb module_class=\u00a0\u00bbflip-card-back\u00a0\u00bb _builder_version=\u00a0\u00bb4.16&Prime; _module_preset=\u00a0\u00bbdefault\u00a0\u00bb header_level=\u00a0\u00bbh2&Prime; header_font=\u00a0\u00bbSegoe UI Bold||||||||\u00a0\u00bb header_text_align=\u00a0\u00bbcenter\u00a0\u00bb header_text_color=\u00a0\u00bb#FFFFFF\u00a0\u00bb header_font_size=\u00a0\u00bb42px\u00a0\u00bb body_font=\u00a0\u00bbSegoe UI Regular||||||||\u00a0\u00bb body_text_color=\u00a0\u00bb#FFFFFF\u00a0\u00bb body_font_size=\u00a0\u00bb16px\u00a0\u00bb background_color=\u00a0\u00bbgcid-87e14241-bd38-4642-9283-ed1906440911&Prime; width=\u00a0\u00bb285px\u00a0\u00bb height=\u00a0\u00bb285px\u00a0\u00bb custom_padding=\u00a0\u00bb25px|25px|25px|25px|true|true\u00a0\u00bb border_radii=\u00a0\u00bbon|15px|15px|15px|15px\u00a0\u00bb global_colors_info=\u00a0\u00bb{%22gcid-87e14241-bd38-4642-9283-ed1906440911%22:%91%22header_text_color%22,%22background_color%22%93}\u00a0\u00bb]<\/p>\n<ul>\n<li><span>Collecte d&rsquo;huiles et de mat\u00e9riaux de nettoyage \u00e0 r\u00e9utiliser.<\/span><\/li>\n<li><span>Tri et collecte des d\u00e9chets par des entreprises agr\u00e9\u00e9es.<\/span><\/li>\n<li><span>V\u00e9hicules de norme europ\u00e9enne.<\/span><\/li>\n<\/ul>\n<p>[\/et_pb_blurb][\/et_pb_column][\/et_pb_row][et_pb_row column_structure=\u00a0\u00bb1_2,1_2&Prime; module_class=\u00a0\u00bbflip-card-inner flip-front\u00a0\u00bb _builder_version=\u00a0\u00bb4.17.6&Prime; _module_preset=\u00a0\u00bbdefault\u00a0\u00bb module_alignment=\u00a0\u00bbcenter\u00a0\u00bb custom_margin=\u00a0\u00bb0px|1.5%|2.75%|1.5%|false|true\u00a0\u00bb custom_padding=\u00a0\u00bb0px|0px|0px|0px|true|true\u00a0\u00bb hover_enabled=\u00a0\u00bb0&Prime; global_colors_info=\u00a0\u00bb{}\u00a0\u00bb custom_margin_last_edited=\u00a0\u00bbon|tablet\u00a0\u00bb sticky_enabled=\u00a0\u00bb0&Prime; custom_margin_tablet=\u00a0\u00bb||30px||false|true\u00a0\u00bb custom_margin_phone=\u00a0\u00bb||30px||false|true\u00a0\u00bb][et_pb_column type=\u00a0\u00bb1_2&Prime; _builder_version=\u00a0\u00bb4.16&Prime; _module_preset=\u00a0\u00bbdefault\u00a0\u00bb global_colors_info=\u00a0\u00bb{}\u00a0\u00bb][et_pb_blurb title=\u00a0\u00bbQualit\u00e9\u00a0\u00bb module_class=\u00a0\u00bbflip-card-front\u00a0\u00bb _builder_version=\u00a0\u00bb4.16&Prime; _module_preset=\u00a0\u00bbdefault\u00a0\u00bb header_level=\u00a0\u00bbh2&Prime; header_font=\u00a0\u00bbSegoe UI Bold||||||||\u00a0\u00bb header_text_align=\u00a0\u00bbcenter\u00a0\u00bb header_text_color=\u00a0\u00bb#FFFFFF\u00a0\u00bb header_font_size=\u00a0\u00bb32px\u00a0\u00bb background_color=\u00a0\u00bbgcid-87e14241-bd38-4642-9283-ed1906440911&Prime; width=\u00a0\u00bb285px\u00a0\u00bb height=\u00a0\u00bb285px\u00a0\u00bb border_radii=\u00a0\u00bbon|15px|15px|15px|15px\u00a0\u00bb global_colors_info=\u00a0\u00bb{%22gcid-87e14241-bd38-4642-9283-ed1906440911%22:%91%22background_color%22%93}\u00a0\u00bb][\/et_pb_blurb][et_pb_blurb module_class=\u00a0\u00bbflip-card-back\u00a0\u00bb _builder_version=\u00a0\u00bb4.16&Prime; _module_preset=\u00a0\u00bbdefault\u00a0\u00bb header_level=\u00a0\u00bbh2&Prime; header_font=\u00a0\u00bbSegoe UI Bold||||||||\u00a0\u00bb header_text_align=\u00a0\u00bbcenter\u00a0\u00bb header_text_color=\u00a0\u00bb#FFFFFF\u00a0\u00bb header_font_size=\u00a0\u00bb42px\u00a0\u00bb body_font=\u00a0\u00bbSegoe UI Regular||||||||\u00a0\u00bb body_text_color=\u00a0\u00bbgcid-87e14241-bd38-4642-9283-ed1906440911&Prime; body_font_size=\u00a0\u00bb16px\u00a0\u00bb background_color=\u00a0\u00bbgcid-62deecdb-82cb-4e6f-9aba-f734546a16c4&Prime; width=\u00a0\u00bb285px\u00a0\u00bb height=\u00a0\u00bb285px\u00a0\u00bb custom_padding=\u00a0\u00bb25px|25px|25px|25px|true|true\u00a0\u00bb border_radii=\u00a0\u00bbon|15px|15px|15px|15px\u00a0\u00bb global_colors_info=\u00a0\u00bb{%22gcid-87e14241-bd38-4642-9283-ed1906440911%22:%91%22body_text_color%22,%22background_color%22%93,%22gcid-62deecdb-82cb-4e6f-9aba-f734546a16c4%22:%91%22background_color%22%93}\u00a0\u00bb]<\/p>\n<ul>\n<li>Certifi\u00e9 ISO 9001 par l&rsquo;ENAC.<\/li>\n<li>Certifi\u00e9 ISO 14001 par l&rsquo;ENAC.<\/li>\n<li>UNE 13816.<\/li>\n<li>Personnel qualifi\u00e9 b\u00e9n\u00e9ficiant d&rsquo;une formation continue.<\/li>\n<li>Respect des normes europ\u00e9ennes en mati\u00e8re de conduite, de s\u00e9curit\u00e9 et de respect de l&rsquo;environnement.<\/li>\n<\/ul>\n<p>[\/et_pb_blurb][\/et_pb_column][et_pb_column type=\u00a0\u00bb1_2&Prime; _builder_version=\u00a0\u00bb4.16&Prime; _module_preset=\u00a0\u00bbdefault\u00a0\u00bb global_colors_info=\u00a0\u00bb{}\u00a0\u00bb][\/et_pb_column][\/et_pb_row][et_pb_row module_class=\u00a0\u00bbflip-card-inner flip-front\u00a0\u00bb _builder_version=\u00a0\u00bb4.17.6&Prime; _module_preset=\u00a0\u00bbdefault\u00a0\u00bb module_alignment=\u00a0\u00bbcenter\u00a0\u00bb custom_margin=\u00a0\u00bb0px|1.5%|2.75%|1.5%|false|true\u00a0\u00bb custom_padding=\u00a0\u00bb0px|0px|0px|0px|true|true\u00a0\u00bb hover_enabled=\u00a0\u00bb0&Prime; global_colors_info=\u00a0\u00bb{}\u00a0\u00bb custom_margin_last_edited=\u00a0\u00bbon|tablet\u00a0\u00bb sticky_enabled=\u00a0\u00bb0&Prime; custom_margin_tablet=\u00a0\u00bb||30px||false|true\u00a0\u00bb custom_margin_phone=\u00a0\u00bb||30px||false|true\u00a0\u00bb][et_pb_column type=\u00a0\u00bb4_4&Prime; _builder_version=\u00a0\u00bb4.16&Prime; _module_preset=\u00a0\u00bbdefault\u00a0\u00bb global_colors_info=\u00a0\u00bb{}\u00a0\u00bb][et_pb_blurb title=\u00a0\u00bbS\u00e9curit\u00e9\u00a0\u00bb module_class=\u00a0\u00bbflip-card-front\u00a0\u00bb _builder_version=\u00a0\u00bb4.16&Prime; _module_preset=\u00a0\u00bbdefault\u00a0\u00bb header_level=\u00a0\u00bbh2&Prime; header_font=\u00a0\u00bbSegoe UI Bold||||||||\u00a0\u00bb header_text_align=\u00a0\u00bbcenter\u00a0\u00bb header_text_color=\u00a0\u00bbgcid-87e14241-bd38-4642-9283-ed1906440911&Prime; header_font_size=\u00a0\u00bb32px\u00a0\u00bb background_color=\u00a0\u00bbgcid-62deecdb-82cb-4e6f-9aba-f734546a16c4&Prime; width=\u00a0\u00bb285px\u00a0\u00bb height=\u00a0\u00bb285px\u00a0\u00bb border_radii=\u00a0\u00bbon|15px|15px|15px|15px\u00a0\u00bb global_colors_info=\u00a0\u00bb{%22gcid-62deecdb-82cb-4e6f-9aba-f734546a16c4%22:%91%22background_color%22%93,%22gcid-87e14241-bd38-4642-9283-ed1906440911%22:%91%22header_text_color%22%93}\u00a0\u00bb][\/et_pb_blurb][et_pb_blurb module_class=\u00a0\u00bbflip-card-back\u00a0\u00bb _builder_version=\u00a0\u00bb4.16&Prime; _module_preset=\u00a0\u00bbdefault\u00a0\u00bb header_level=\u00a0\u00bbh2&Prime; header_font=\u00a0\u00bbSegoe UI Bold||||||||\u00a0\u00bb header_text_align=\u00a0\u00bbcenter\u00a0\u00bb header_text_color=\u00a0\u00bb#FFFFFF\u00a0\u00bb header_font_size=\u00a0\u00bb42px\u00a0\u00bb body_font=\u00a0\u00bbSegoe UI Regular||||||||\u00a0\u00bb body_text_color=\u00a0\u00bb#FFFFFF\u00a0\u00bb body_font_size=\u00a0\u00bb16px\u00a0\u00bb background_color=\u00a0\u00bbgcid-87e14241-bd38-4642-9283-ed1906440911&Prime; width=\u00a0\u00bb285px\u00a0\u00bb height=\u00a0\u00bb285px\u00a0\u00bb custom_padding=\u00a0\u00bb25px|25px|25px|25px|true|true\u00a0\u00bb border_radii=\u00a0\u00bbon|15px|15px|15px|15px\u00a0\u00bb global_colors_info=\u00a0\u00bb{%22gcid-87e14241-bd38-4642-9283-ed1906440911%22:%91%22header_text_color%22,%22background_color%22%93}\u00a0\u00bb]<\/p>\n<ul>\n<li><span>Limiteur de vitesse \u00e0 100 km\/h.<\/span><\/li>\n<li><span>Limiteur de vitesse \u00e0 100 km\/h.<\/span><\/li>\n<li><span>V\u00e9hicules \u00e9quip\u00e9s d&rsquo;un arceau de s\u00e9curit\u00e9 anti-basculement et anti-d\u00e9formation.<\/span><\/li>\n<li><span>Si\u00e8ges avec ancrages selon la norme R80.<\/span><\/li>\n<li><span>Freins avec ralentisseur hydraulique.<\/span><\/li>\n<li><span>Suspension int\u00e9grale.<\/span><\/li>\n<li><span>Syst\u00e8mes d&rsquo;assistance ASB et ASR.<\/span><\/li>\n<li><span>G\u00e9olocalisation avec le syst\u00e8me TOM TOM.<\/span><\/li>\n<\/ul>\n<p>[\/et_pb_blurb][\/et_pb_column][\/et_pb_row][\/et_pb_section][et_pb_section fb_built=\u00a0\u00bb1&Prime; _builder_version=\u00a0\u00bb4.16&Prime; _module_preset=\u00a0\u00bbdefault\u00a0\u00bb background_color=\u00a0\u00bbgcid-a2e4858b-1e9e-4582-9e6c-a2c80a211cc4&Prime; custom_margin=\u00a0\u00bb0px|0px|0px|0px|true|true\u00a0\u00bb custom_padding=\u00a0\u00bb0px|5.2%|100px|5.2%|false|true\u00a0\u00bb global_colors_info=\u00a0\u00bb{%22gcid-a2e4858b-1e9e-4582-9e6c-a2c80a211cc4%22:%91%22background_color%22%93}\u00a0\u00bb][et_pb_row _builder_version=\u00a0\u00bb4.16&Prime; _module_preset=\u00a0\u00bbdefault\u00a0\u00bb width=\u00a0\u00bb100%\u00a0\u00bb max_width=\u00a0\u00bb1290px\u00a0\u00bb module_alignment=\u00a0\u00bbcenter\u00a0\u00bb custom_margin=\u00a0\u00bb0px|0px|0px|0px|true|true\u00a0\u00bb custom_padding=\u00a0\u00bb0px|0px|0px|0px|true|true\u00a0\u00bb global_colors_info=\u00a0\u00bb{}\u00a0\u00bb][et_pb_column type=\u00a0\u00bb4_4&Prime; _builder_version=\u00a0\u00bb4.16&Prime; _module_preset=\u00a0\u00bbdefault\u00a0\u00bb global_colors_info=\u00a0\u00bb{}\u00a0\u00bb][et_pb_text _builder_version=\u00a0\u00bb4.16&Prime; _module_preset=\u00a0\u00bbdefault\u00a0\u00bb text_font=\u00a0\u00bbSegoe UI Regular||||||||\u00a0\u00bb text_text_color=\u00a0\u00bbgcid-68ddd611-b841-4d7a-9c9d-95db71454a37&Prime; text_font_size=\u00a0\u00bb16px\u00a0\u00bb custom_margin=\u00a0\u00bb0px|0px|0px|0px|true|true\u00a0\u00bb custom_padding=\u00a0\u00bb0px|0px|0px|0px|true|true\u00a0\u00bb text_font_size_tablet=\u00a0\u00bb16px\u00a0\u00bb text_font_size_phone=\u00a0\u00bb14px\u00a0\u00bb text_font_size_last_edited=\u00a0\u00bbon|phone\u00a0\u00bb global_colors_info=\u00a0\u00bb{%22gcid-68ddd611-b841-4d7a-9c9d-95db71454a37%22:%91%22text_text_color%22%93}\u00a0\u00bb]<\/p>\n<p><span>Outre ces techniques et outils, nous pr\u00e9voyons \u00e9galement des mesures de s\u00e9curit\u00e9 \u00e9l\u00e9mentaires telles que : carrosserie r\u00e9sistante aux chocs frontaux et lat\u00e9raux, entretien p\u00e9riodique de la flotte dans nos propres ateliers, trousse de secours \u00e9quip\u00e9e du mat\u00e9riel de base de premiers soins, extincteurs contr\u00f4l\u00e9s p\u00e9riodiquement, etc.<\/span><\/p>\n<p><span>Depuis notre si\u00e8ge social \u00e0 Vilanova, nous proposons une flotte vari\u00e9e, avec des v\u00e9hicules <strong>de 8 \u00e0 72 places<\/strong> et diff\u00e9rents mod\u00e8les de carrosserie, afin que chaque client dispose du meilleur v\u00e9hicule pour chaque occasion, qu&rsquo;il s&rsquo;agisse de transferts d&rsquo;a\u00e9roport, de transport scolaire, de transferts professionnels, de mariages et plus encore !<\/span><\/p>\n<p style=\"font-weight: 400;\"><span>Chez BusGarraf, nous nous engageons \u00e0 nous <strong>am\u00e9liorer constamment<\/strong>, en proposant une gamme de v\u00e9hicules plus avanc\u00e9s en termes de s\u00e9curit\u00e9, de confort, de technologie et de respect de l&rsquo;environnement.<\/span><\/p>\n<p style=\"font-weight: 400;\"><span><strong>BusGarraf, votre transport fiable<\/strong>.<\/span><\/p>\n<p>[\/et_pb_text][\/et_pb_column][\/et_pb_row][\/et_pb_section]<\/p>\n","protected":false},"excerpt":{"rendered":"<p>Chez BusGarraf, nous disposons d&rsquo;une flotte moderne et \u00e9tendue pour garantir un service de haute qualit\u00e9 dans la communaut\u00e9 de Catalogne.Nous proposons une large gamme de types de v\u00e9hicules qui s&rsquo;adaptent aux besoins de chacun des services offerts, avec quatre valeurs cl\u00e9s: s\u00e9curit\u00e9, qualit\u00e9, environnement et confort. Vous trouverez ci-dessous nos principales actions et \u00e9l\u00e9ments [&hellip;]<\/p>\n","protected":false},"author":1,"featured_media":0,"parent":0,"menu_order":0,"comment_status":"closed","ping_status":"closed","template":"","meta":{"_et_pb_use_builder":"on","_et_pb_old_content":"","_et_gb_content_width":"","footnotes":""},"_links":{"self":[{"href":"https:\/\/busgarraf.cat\/fr\/wp-json\/wp\/v2\/pages\/1984"}],"collection":[{"href":"https:\/\/busgarraf.cat\/fr\/wp-json\/wp\/v2\/pages"}],"about":[{"href":"https:\/\/busgarraf.cat\/fr\/wp-json\/wp\/v2\/types\/page"}],"author":[{"embeddable":true,"href":"https:\/\/busgarraf.cat\/fr\/wp-json\/wp\/v2\/users\/1"}],"replies":[{"embeddable":true,"href":"https:\/\/busgarraf.cat\/fr\/wp-json\/wp\/v2\/comments?post=1984"}],"version-history":[{"count":13,"href":"https:\/\/busgarraf.cat\/fr\/wp-json\/wp\/v2\/pages\/1984\/revisions"}],"predecessor-version":[{"id":3760,"href":"https:\/\/busgarraf.cat\/fr\/wp-json\/wp\/v2\/pages\/1984\/revisions\/3760"}],"wp:attachment":[{"href":"https:\/\/busgarraf.cat\/fr\/wp-json\/wp\/v2\/media?parent=1984"}],"curies":[{"name":"wp","href":"https:\/\/api.w.org\/{rel}","templated":true}]}}